{"id":100,"date":"2018-10-03T12:38:14","date_gmt":"2018-10-03T12:38:14","guid":{"rendered":"https:\/\/www.andorra-advisors.com\/ca\/?page_id=100"},"modified":"2024-03-07T05:19:54","modified_gmt":"2024-03-07T05:19:54","slug":"impostos-andorra","status":"publish","type":"page","link":"https:\/\/www.andorra-advisors.com\/ca\/impostos-andorra\/","title":{"rendered":"Impostos a Andorra"},"content":{"rendered":"","protected":false},"excerpt":{"rendered":"","protected":false},"author":1,"featured_media":1927,"parent":0,"menu_order":0,"comment_status":"closed","ping_status":"closed","template":"andorra-innerpage.php","meta":{"_acf_changed":false,"footnotes":""},"class_list":["post-100","page","type-page","status-publish","has-post-thumbnail","hentry"],"acf":[],"yoast_head":"<!-- This site is optimized with the Yoast SEO plugin v24.6 - https:\/\/yoast.com\/wordpress\/plugins\/seo\/ -->\n<title>Impostos a Andorra - consulta a Andorra Advisors by Aug\u00e9 Grup<\/title>\n<meta name=\"description\" content=\"Andorra compta amb una pressi\u00f3 fiscal molt m\u00e9s baixa que els seus pa\u00efsos ve\u00efns i una de les m\u00e9s baixes del m\u00f3n sense ser parad\u00eds fiscal, ideal per a empresaris.\" \/>\n<meta name=\"robots\" content=\"index, follow, max-snippet:-1, max-image-preview:large, max-video-preview:-1\" \/>\n<link rel=\"canonical\" href=\"https:\/\/www.andorra-advisors.com\/ca\/impostos-andorra\/\" \/>\n<meta property=\"og:locale\" content=\"ca_ES\" \/>\n<meta property=\"og:type\" content=\"article\" \/>\n<meta property=\"og:title\" content=\"Impostos a Andorra - consulta a Andorra Advisors by Aug\u00e9 Grup\" \/>\n<meta property=\"og:description\" content=\"Andorra compta amb una pressi\u00f3 fiscal molt m\u00e9s baixa que els seus pa\u00efsos ve\u00efns i una de les m\u00e9s baixes del m\u00f3n sense ser parad\u00eds fiscal, ideal per a empresaris.\" \/>\n<meta property=\"og:url\" content=\"https:\/\/www.andorra-advisors.com\/ca\/impostos-andorra\/\" \/>\n<meta property=\"og:site_name\" content=\"Andorra Advisors\" \/>\n<meta property=\"article:modified_time\" content=\"2024-03-07T05:19:54+00:00\" \/>\n<meta property=\"og:image\" content=\"https:\/\/www.andorra-advisors.com\/ca\/wp-content\/uploads\/2020\/05\/andorra_featured_Impostos-a-Andorra.png\" \/>\n\t<meta property=\"og:image:width\" content=\"600\" \/>\n\t<meta property=\"og:image:height\" content=\"315\" \/>\n\t<meta property=\"og:image:type\" content=\"image\/png\" \/>\n<meta name=\"twitter:card\" content=\"summary_large_image\" \/>\n<script type=\"application\/ld+json\" class=\"yoast-schema-graph\">{\"@context\":\"https:\/\/schema.org\",\"@graph\":[{\"@type\":\"WebPage\",\"@id\":\"https:\/\/www.andorra-advisors.com\/ca\/impostos-andorra\/\",\"url\":\"https:\/\/www.andorra-advisors.com\/ca\/impostos-andorra\/\",\"name\":\"Impostos a Andorra - consulta a Andorra Advisors by Aug\u00e9 Grup\",\"isPartOf\":{\"@id\":\"https:\/\/www.andorra-advisors.com\/ca\/#website\"},\"primaryImageOfPage\":{\"@id\":\"https:\/\/www.andorra-advisors.com\/ca\/impostos-andorra\/#primaryimage\"},\"image\":{\"@id\":\"https:\/\/www.andorra-advisors.com\/ca\/impostos-andorra\/#primaryimage\"},\"thumbnailUrl\":\"https:\/\/www.andorra-advisors.com\/ca\/wp-content\/uploads\/2020\/05\/andorra_featured_Impostos-a-Andorra.png\",\"datePublished\":\"2018-10-03T12:38:14+00:00\",\"dateModified\":\"2024-03-07T05:19:54+00:00\",\"description\":\"Andorra compta amb una pressi\u00f3 fiscal molt m\u00e9s baixa que els seus pa\u00efsos ve\u00efns i una de les m\u00e9s baixes del m\u00f3n sense ser parad\u00eds fiscal, ideal per a empresaris.\",\"breadcrumb\":{\"@id\":\"https:\/\/www.andorra-advisors.com\/ca\/impostos-andorra\/#breadcrumb\"},\"inLanguage\":\"ca\",\"potentialAction\":[{\"@type\":\"ReadAction\",\"target\":[\"https:\/\/www.andorra-advisors.com\/ca\/impostos-andorra\/\"]}]},{\"@type\":\"ImageObject\",\"inLanguage\":\"ca\",\"@id\":\"https:\/\/www.andorra-advisors.com\/ca\/impostos-andorra\/#primaryimage\",\"url\":\"https:\/\/www.andorra-advisors.com\/ca\/wp-content\/uploads\/2020\/05\/andorra_featured_Impostos-a-Andorra.png\",\"contentUrl\":\"https:\/\/www.andorra-advisors.com\/ca\/wp-content\/uploads\/2020\/05\/andorra_featured_Impostos-a-Andorra.png\",\"width\":600,\"height\":315,\"caption\":\"andorra_featured Impostos a Andorra\"},{\"@type\":\"BreadcrumbList\",\"@id\":\"https:\/\/www.andorra-advisors.com\/ca\/impostos-andorra\/#breadcrumb\",\"itemListElement\":[{\"@type\":\"ListItem\",\"position\":1,\"name\":\"Inici\",\"item\":\"https:\/\/www.andorra-advisors.com\/ca\/\"},{\"@type\":\"ListItem\",\"position\":2,\"name\":\"Impostos a Andorra\"}]},{\"@type\":\"WebSite\",\"@id\":\"https:\/\/www.andorra-advisors.com\/ca\/#website\",\"url\":\"https:\/\/www.andorra-advisors.com\/ca\/\",\"name\":\"Andorra Advisors\",\"description\":\"\",\"potentialAction\":[{\"@type\":\"SearchAction\",\"target\":{\"@type\":\"EntryPoint\",\"urlTemplate\":\"https:\/\/www.andorra-advisors.com\/ca\/?s={search_term_string}\"},\"query-input\":{\"@type\":\"PropertyValueSpecification\",\"valueRequired\":true,\"valueName\":\"search_term_string\"}}],\"inLanguage\":\"ca\"}]}<\/script>\n<!-- \/ Yoast SEO plugin. -->","yoast_head_json":{"title":"Impostos a Andorra - consulta a Andorra Advisors by Aug\u00e9 Grup","description":"Andorra compta amb una pressi\u00f3 fiscal molt m\u00e9s baixa que els seus pa\u00efsos ve\u00efns i una de les m\u00e9s baixes del m\u00f3n sense ser parad\u00eds fiscal, ideal per a empresaris.","robots":{"index":"index","follow":"follow","max-snippet":"max-snippet:-1","max-image-preview":"max-image-preview:large","max-video-preview":"max-video-preview:-1"},"canonical":"https:\/\/www.andorra-advisors.com\/ca\/impostos-andorra\/","og_locale":"ca_ES","og_type":"article","og_title":"Impostos a Andorra - consulta a Andorra Advisors by Aug\u00e9 Grup","og_description":"Andorra compta amb una pressi\u00f3 fiscal molt m\u00e9s baixa que els seus pa\u00efsos ve\u00efns i una de les m\u00e9s baixes del m\u00f3n sense ser parad\u00eds fiscal, ideal per a empresaris.","og_url":"https:\/\/www.andorra-advisors.com\/ca\/impostos-andorra\/","og_site_name":"Andorra Advisors","article_modified_time":"2024-03-07T05:19:54+00:00","og_image":[{"width":600,"height":315,"url":"https:\/\/www.andorra-advisors.com\/ca\/wp-content\/uploads\/2020\/05\/andorra_featured_Impostos-a-Andorra.png","type":"image\/png"}],"twitter_card":"summary_large_image","schema":{"@context":"https:\/\/schema.org","@graph":[{"@type":"WebPage","@id":"https:\/\/www.andorra-advisors.com\/ca\/impostos-andorra\/","url":"https:\/\/www.andorra-advisors.com\/ca\/impostos-andorra\/","name":"Impostos a Andorra - consulta a Andorra Advisors by Aug\u00e9 Grup","isPartOf":{"@id":"https:\/\/www.andorra-advisors.com\/ca\/#website"},"primaryImageOfPage":{"@id":"https:\/\/www.andorra-advisors.com\/ca\/impostos-andorra\/#primaryimage"},"image":{"@id":"https:\/\/www.andorra-advisors.com\/ca\/impostos-andorra\/#primaryimage"},"thumbnailUrl":"https:\/\/www.andorra-advisors.com\/ca\/wp-content\/uploads\/2020\/05\/andorra_featured_Impostos-a-Andorra.png","datePublished":"2018-10-03T12:38:14+00:00","dateModified":"2024-03-07T05:19:54+00:00","description":"Andorra compta amb una pressi\u00f3 fiscal molt m\u00e9s baixa que els seus pa\u00efsos ve\u00efns i una de les m\u00e9s baixes del m\u00f3n sense ser parad\u00eds fiscal, ideal per a empresaris.","breadcrumb":{"@id":"https:\/\/www.andorra-advisors.com\/ca\/impostos-andorra\/#breadcrumb"},"inLanguage":"ca","potentialAction":[{"@type":"ReadAction","target":["https:\/\/www.andorra-advisors.com\/ca\/impostos-andorra\/"]}]},{"@type":"ImageObject","inLanguage":"ca","@id":"https:\/\/www.andorra-advisors.com\/ca\/impostos-andorra\/#primaryimage","url":"https:\/\/www.andorra-advisors.com\/ca\/wp-content\/uploads\/2020\/05\/andorra_featured_Impostos-a-Andorra.png","contentUrl":"https:\/\/www.andorra-advisors.com\/ca\/wp-content\/uploads\/2020\/05\/andorra_featured_Impostos-a-Andorra.png","width":600,"height":315,"caption":"andorra_featured Impostos a Andorra"},{"@type":"BreadcrumbList","@id":"https:\/\/www.andorra-advisors.com\/ca\/impostos-andorra\/#breadcrumb","itemListElement":[{"@type":"ListItem","position":1,"name":"Inici","item":"https:\/\/www.andorra-advisors.com\/ca\/"},{"@type":"ListItem","position":2,"name":"Impostos a Andorra"}]},{"@type":"WebSite","@id":"https:\/\/www.andorra-advisors.com\/ca\/#website","url":"https:\/\/www.andorra-advisors.com\/ca\/","name":"Andorra Advisors","description":"","potentialAction":[{"@type":"SearchAction","target":{"@type":"EntryPoint","urlTemplate":"https:\/\/www.andorra-advisors.com\/ca\/?s={search_term_string}"},"query-input":{"@type":"PropertyValueSpecification","valueRequired":true,"valueName":"search_term_string"}}],"inLanguage":"ca"}]}},"_links":{"self":[{"href":"https:\/\/www.andorra-advisors.com\/ca\/wp-json\/wp\/v2\/pages\/100","targetHints":{"allow":["GET"]}}],"collection":[{"href":"https:\/\/www.andorra-advisors.com\/ca\/wp-json\/wp\/v2\/pages"}],"about":[{"href":"https:\/\/www.andorra-advisors.com\/ca\/wp-json\/wp\/v2\/types\/page"}],"author":[{"embeddable":true,"href":"https:\/\/www.andorra-advisors.com\/ca\/wp-json\/wp\/v2\/users\/1"}],"replies":[{"embeddable":true,"href":"https:\/\/www.andorra-advisors.com\/ca\/wp-json\/wp\/v2\/comments?post=100"}],"version-history":[{"count":25,"href":"https:\/\/www.andorra-advisors.com\/ca\/wp-json\/wp\/v2\/pages\/100\/revisions"}],"predecessor-version":[{"id":2556,"href":"https:\/\/www.andorra-advisors.com\/ca\/wp-json\/wp\/v2\/pages\/100\/revisions\/2556"}],"wp:featuredmedia":[{"embeddable":true,"href":"https:\/\/www.andorra-advisors.com\/ca\/wp-json\/wp\/v2\/media\/1927"}],"wp:attachment":[{"href":"https:\/\/www.andorra-advisors.com\/ca\/wp-json\/wp\/v2\/media?parent=100"}],"curies":[{"name":"wp","href":"https:\/\/api.w.org\/{rel}","templated":true}]}}