{"id":105,"date":"2018-10-03T12:05:08","date_gmt":"2018-10-03T12:05:08","guid":{"rendered":"https:\/\/www.andorra-advisors.com\/ca\/?page_id=105"},"modified":"2022-02-22T10:56:19","modified_gmt":"2022-02-22T10:56:19","slug":"inversio-inmobiliaria","status":"publish","type":"page","link":"https:\/\/www.andorra-advisors.com\/ca\/inversio-inmobiliaria\/","title":{"rendered":"Inversi\u00f3 immobili\u00e0ria"},"content":{"rendered":"","protected":false},"excerpt":{"rendered":"","protected":false},"author":1,"featured_media":1929,"parent":0,"menu_order":0,"comment_status":"closed","ping_status":"closed","template":"andorra-innerpage.php","meta":{"_acf_changed":false,"footnotes":""},"class_list":["post-105","page","type-page","status-publish","has-post-thumbnail","hentry"],"acf":[],"yoast_head":"<!-- This site is optimized with the Yoast SEO plugin v24.6 - https:\/\/yoast.com\/wordpress\/plugins\/seo\/ -->\n<title>Inversi\u00f3 immobili\u00e0ria a Andorra - Consulta Andorra Advisors by Aug\u00e9 Grup<\/title>\n<meta name=\"description\" content=\"Invertir en el mercat immobiliari d&#039;Andorra pot resultar una opci\u00f3 molt atractiva per a tot tipus d&#039;inversors, siguin nacionals o estrangers\" \/>\n<meta name=\"robots\" content=\"index, follow, max-snippet:-1, max-image-preview:large, max-video-preview:-1\" \/>\n<link rel=\"canonical\" href=\"https:\/\/www.andorra-advisors.com\/ca\/inversio-inmobiliaria\/\" \/>\n<meta property=\"og:locale\" content=\"ca_ES\" \/>\n<meta property=\"og:type\" content=\"article\" \/>\n<meta property=\"og:title\" content=\"Inversi\u00f3 immobili\u00e0ria a Andorra - Consulta Andorra Advisors by Aug\u00e9 Grup\" \/>\n<meta property=\"og:description\" content=\"Invertir en el mercat immobiliari d&#039;Andorra pot resultar una opci\u00f3 molt atractiva per a tot tipus d&#039;inversors, siguin nacionals o estrangers\" \/>\n<meta property=\"og:url\" content=\"https:\/\/www.andorra-advisors.com\/ca\/inversio-inmobiliaria\/\" \/>\n<meta property=\"og:site_name\" content=\"Andorra Advisors\" \/>\n<meta property=\"article:modified_time\" content=\"2022-02-22T10:56:19+00:00\" \/>\n<meta property=\"og:image\" content=\"https:\/\/www.andorra-advisors.com\/ca\/wp-content\/uploads\/2020\/05\/andorra_featured_Inversi\u00f3-immobili\u00e0ria.png\" \/>\n\t<meta property=\"og:image:width\" content=\"600\" \/>\n\t<meta property=\"og:image:height\" content=\"315\" \/>\n\t<meta property=\"og:image:type\" content=\"image\/png\" \/>\n<meta name=\"twitter:card\" content=\"summary_large_image\" \/>\n<script type=\"application\/ld+json\" class=\"yoast-schema-graph\">{\"@context\":\"https:\/\/schema.org\",\"@graph\":[{\"@type\":\"WebPage\",\"@id\":\"https:\/\/www.andorra-advisors.com\/ca\/inversio-inmobiliaria\/\",\"url\":\"https:\/\/www.andorra-advisors.com\/ca\/inversio-inmobiliaria\/\",\"name\":\"Inversi\u00f3 immobili\u00e0ria a Andorra - Consulta Andorra Advisors by Aug\u00e9 Grup\",\"isPartOf\":{\"@id\":\"https:\/\/www.andorra-advisors.com\/ca\/#website\"},\"primaryImageOfPage\":{\"@id\":\"https:\/\/www.andorra-advisors.com\/ca\/inversio-inmobiliaria\/#primaryimage\"},\"image\":{\"@id\":\"https:\/\/www.andorra-advisors.com\/ca\/inversio-inmobiliaria\/#primaryimage\"},\"thumbnailUrl\":\"https:\/\/www.andorra-advisors.com\/ca\/wp-content\/uploads\/2020\/05\/andorra_featured_Inversi\u00f3-immobili\u00e0ria.png\",\"datePublished\":\"2018-10-03T12:05:08+00:00\",\"dateModified\":\"2022-02-22T10:56:19+00:00\",\"description\":\"Invertir en el mercat immobiliari d'Andorra pot resultar una opci\u00f3 molt atractiva per a tot tipus d'inversors, siguin nacionals o estrangers\",\"breadcrumb\":{\"@id\":\"https:\/\/www.andorra-advisors.com\/ca\/inversio-inmobiliaria\/#breadcrumb\"},\"inLanguage\":\"ca\",\"potentialAction\":[{\"@type\":\"ReadAction\",\"target\":[\"https:\/\/www.andorra-advisors.com\/ca\/inversio-inmobiliaria\/\"]}]},{\"@type\":\"ImageObject\",\"inLanguage\":\"ca\",\"@id\":\"https:\/\/www.andorra-advisors.com\/ca\/inversio-inmobiliaria\/#primaryimage\",\"url\":\"https:\/\/www.andorra-advisors.com\/ca\/wp-content\/uploads\/2020\/05\/andorra_featured_Inversi\u00f3-immobili\u00e0ria.png\",\"contentUrl\":\"https:\/\/www.andorra-advisors.com\/ca\/wp-content\/uploads\/2020\/05\/andorra_featured_Inversi\u00f3-immobili\u00e0ria.png\",\"width\":600,\"height\":315,\"caption\":\"andorra_featured Inversi\u00f3 immobili\u00e0ria\"},{\"@type\":\"BreadcrumbList\",\"@id\":\"https:\/\/www.andorra-advisors.com\/ca\/inversio-inmobiliaria\/#breadcrumb\",\"itemListElement\":[{\"@type\":\"ListItem\",\"position\":1,\"name\":\"Inici\",\"item\":\"https:\/\/www.andorra-advisors.com\/ca\/\"},{\"@type\":\"ListItem\",\"position\":2,\"name\":\"Inversi\u00f3 immobili\u00e0ria\"}]},{\"@type\":\"WebSite\",\"@id\":\"https:\/\/www.andorra-advisors.com\/ca\/#website\",\"url\":\"https:\/\/www.andorra-advisors.com\/ca\/\",\"name\":\"Andorra Advisors\",\"description\":\"\",\"potentialAction\":[{\"@type\":\"SearchAction\",\"target\":{\"@type\":\"EntryPoint\",\"urlTemplate\":\"https:\/\/www.andorra-advisors.com\/ca\/?s={search_term_string}\"},\"query-input\":{\"@type\":\"PropertyValueSpecification\",\"valueRequired\":true,\"valueName\":\"search_term_string\"}}],\"inLanguage\":\"ca\"}]}<\/script>\n<!-- \/ Yoast SEO plugin. -->","yoast_head_json":{"title":"Inversi\u00f3 immobili\u00e0ria a Andorra - Consulta Andorra Advisors by Aug\u00e9 Grup","description":"Invertir en el mercat immobiliari d'Andorra pot resultar una opci\u00f3 molt atractiva per a tot tipus d'inversors, siguin nacionals o estrangers","robots":{"index":"index","follow":"follow","max-snippet":"max-snippet:-1","max-image-preview":"max-image-preview:large","max-video-preview":"max-video-preview:-1"},"canonical":"https:\/\/www.andorra-advisors.com\/ca\/inversio-inmobiliaria\/","og_locale":"ca_ES","og_type":"article","og_title":"Inversi\u00f3 immobili\u00e0ria a Andorra - Consulta Andorra Advisors by Aug\u00e9 Grup","og_description":"Invertir en el mercat immobiliari d'Andorra pot resultar una opci\u00f3 molt atractiva per a tot tipus d'inversors, siguin nacionals o estrangers","og_url":"https:\/\/www.andorra-advisors.com\/ca\/inversio-inmobiliaria\/","og_site_name":"Andorra Advisors","article_modified_time":"2022-02-22T10:56:19+00:00","og_image":[{"width":600,"height":315,"url":"https:\/\/www.andorra-advisors.com\/ca\/wp-content\/uploads\/2020\/05\/andorra_featured_Inversi\u00f3-immobili\u00e0ria.png","type":"image\/png"}],"twitter_card":"summary_large_image","schema":{"@context":"https:\/\/schema.org","@graph":[{"@type":"WebPage","@id":"https:\/\/www.andorra-advisors.com\/ca\/inversio-inmobiliaria\/","url":"https:\/\/www.andorra-advisors.com\/ca\/inversio-inmobiliaria\/","name":"Inversi\u00f3 immobili\u00e0ria a Andorra - Consulta Andorra Advisors by Aug\u00e9 Grup","isPartOf":{"@id":"https:\/\/www.andorra-advisors.com\/ca\/#website"},"primaryImageOfPage":{"@id":"https:\/\/www.andorra-advisors.com\/ca\/inversio-inmobiliaria\/#primaryimage"},"image":{"@id":"https:\/\/www.andorra-advisors.com\/ca\/inversio-inmobiliaria\/#primaryimage"},"thumbnailUrl":"https:\/\/www.andorra-advisors.com\/ca\/wp-content\/uploads\/2020\/05\/andorra_featured_Inversi\u00f3-immobili\u00e0ria.png","datePublished":"2018-10-03T12:05:08+00:00","dateModified":"2022-02-22T10:56:19+00:00","description":"Invertir en el mercat immobiliari d'Andorra pot resultar una opci\u00f3 molt atractiva per a tot tipus d'inversors, siguin nacionals o estrangers","breadcrumb":{"@id":"https:\/\/www.andorra-advisors.com\/ca\/inversio-inmobiliaria\/#breadcrumb"},"inLanguage":"ca","potentialAction":[{"@type":"ReadAction","target":["https:\/\/www.andorra-advisors.com\/ca\/inversio-inmobiliaria\/"]}]},{"@type":"ImageObject","inLanguage":"ca","@id":"https:\/\/www.andorra-advisors.com\/ca\/inversio-inmobiliaria\/#primaryimage","url":"https:\/\/www.andorra-advisors.com\/ca\/wp-content\/uploads\/2020\/05\/andorra_featured_Inversi\u00f3-immobili\u00e0ria.png","contentUrl":"https:\/\/www.andorra-advisors.com\/ca\/wp-content\/uploads\/2020\/05\/andorra_featured_Inversi\u00f3-immobili\u00e0ria.png","width":600,"height":315,"caption":"andorra_featured Inversi\u00f3 immobili\u00e0ria"},{"@type":"BreadcrumbList","@id":"https:\/\/www.andorra-advisors.com\/ca\/inversio-inmobiliaria\/#breadcrumb","itemListElement":[{"@type":"ListItem","position":1,"name":"Inici","item":"https:\/\/www.andorra-advisors.com\/ca\/"},{"@type":"ListItem","position":2,"name":"Inversi\u00f3 immobili\u00e0ria"}]},{"@type":"WebSite","@id":"https:\/\/www.andorra-advisors.com\/ca\/#website","url":"https:\/\/www.andorra-advisors.com\/ca\/","name":"Andorra Advisors","description":"","potentialAction":[{"@type":"SearchAction","target":{"@type":"EntryPoint","urlTemplate":"https:\/\/www.andorra-advisors.com\/ca\/?s={search_term_string}"},"query-input":{"@type":"PropertyValueSpecification","valueRequired":true,"valueName":"search_term_string"}}],"inLanguage":"ca"}]}},"_links":{"self":[{"href":"https:\/\/www.andorra-advisors.com\/ca\/wp-json\/wp\/v2\/pages\/105","targetHints":{"allow":["GET"]}}],"collection":[{"href":"https:\/\/www.andorra-advisors.com\/ca\/wp-json\/wp\/v2\/pages"}],"about":[{"href":"https:\/\/www.andorra-advisors.com\/ca\/wp-json\/wp\/v2\/types\/page"}],"author":[{"embeddable":true,"href":"https:\/\/www.andorra-advisors.com\/ca\/wp-json\/wp\/v2\/users\/1"}],"replies":[{"embeddable":true,"href":"https:\/\/www.andorra-advisors.com\/ca\/wp-json\/wp\/v2\/comments?post=105"}],"version-history":[{"count":18,"href":"https:\/\/www.andorra-advisors.com\/ca\/wp-json\/wp\/v2\/pages\/105\/revisions"}],"predecessor-version":[{"id":2188,"href":"https:\/\/www.andorra-advisors.com\/ca\/wp-json\/wp\/v2\/pages\/105\/revisions\/2188"}],"wp:featuredmedia":[{"embeddable":true,"href":"https:\/\/www.andorra-advisors.com\/ca\/wp-json\/wp\/v2\/media\/1929"}],"wp:attachment":[{"href":"https:\/\/www.andorra-advisors.com\/ca\/wp-json\/wp\/v2\/media?parent=105"}],"curies":[{"name":"wp","href":"https:\/\/api.w.org\/{rel}","templated":true}]}}