{"id":1349,"date":"2018-10-03T06:08:26","date_gmt":"2018-10-03T06:08:26","guid":{"rendered":"https:\/\/www.andorra-advisors.com\/ca\/?page_id=1349"},"modified":"2022-02-22T10:59:11","modified_gmt":"2022-02-22T10:59:11","slug":"serveis-legals-per-empreses","status":"publish","type":"page","link":"https:\/\/www.andorra-advisors.com\/ca\/serveis-legals-per-empreses\/","title":{"rendered":"Servei legal per a empreses"},"content":{"rendered":"","protected":false},"excerpt":{"rendered":"","protected":false},"author":1,"featured_media":1938,"parent":0,"menu_order":0,"comment_status":"closed","ping_status":"closed","template":"andorra-innerpage.php","meta":{"_acf_changed":false,"footnotes":""},"class_list":["post-1349","page","type-page","status-publish","has-post-thumbnail","hentry"],"acf":[],"yoast_head":"<!-- This site is optimized with the Yoast SEO plugin v24.6 - https:\/\/yoast.com\/wordpress\/plugins\/seo\/ -->\n<title>Servei legal per a empreses - Consulta a Andorra Advisors by Aug\u00e9 Grup<\/title>\n<meta name=\"description\" content=\"Des d&#039;Andorra Advisors by Aug\u00e9 Grup t&#039;oferim tot tipus de serveis legals perqu\u00e8 tinguis el suport que necessites davant de qualsevol situaci\u00f3 que pugui sorgir.\" \/>\n<meta name=\"robots\" content=\"index, follow, max-snippet:-1, max-image-preview:large, max-video-preview:-1\" \/>\n<link rel=\"canonical\" href=\"https:\/\/www.andorra-advisors.com\/ca\/serveis-legals-per-empreses\/\" \/>\n<meta property=\"og:locale\" content=\"ca_ES\" \/>\n<meta property=\"og:type\" content=\"article\" \/>\n<meta property=\"og:title\" content=\"Servei legal per a empreses - Consulta a Andorra Advisors by Aug\u00e9 Grup\" \/>\n<meta property=\"og:description\" content=\"Des d&#039;Andorra Advisors by Aug\u00e9 Grup t&#039;oferim tot tipus de serveis legals perqu\u00e8 tinguis el suport que necessites davant de qualsevol situaci\u00f3 que pugui sorgir.\" \/>\n<meta property=\"og:url\" content=\"https:\/\/www.andorra-advisors.com\/ca\/serveis-legals-per-empreses\/\" \/>\n<meta property=\"og:site_name\" content=\"Andorra Advisors\" \/>\n<meta property=\"article:modified_time\" content=\"2022-02-22T10:59:11+00:00\" \/>\n<meta property=\"og:image\" content=\"https:\/\/www.andorra-advisors.com\/ca\/wp-content\/uploads\/2020\/05\/andorra_featured_Serveis-legals-per-a-empreses.png\" \/>\n\t<meta property=\"og:image:width\" content=\"600\" \/>\n\t<meta property=\"og:image:height\" content=\"315\" \/>\n\t<meta property=\"og:image:type\" content=\"image\/png\" \/>\n<meta name=\"twitter:card\" content=\"summary_large_image\" \/>\n<script type=\"application\/ld+json\" class=\"yoast-schema-graph\">{\"@context\":\"https:\/\/schema.org\",\"@graph\":[{\"@type\":\"WebPage\",\"@id\":\"https:\/\/www.andorra-advisors.com\/ca\/serveis-legals-per-empreses\/\",\"url\":\"https:\/\/www.andorra-advisors.com\/ca\/serveis-legals-per-empreses\/\",\"name\":\"Servei legal per a empreses - Consulta a Andorra Advisors by Aug\u00e9 Grup\",\"isPartOf\":{\"@id\":\"https:\/\/www.andorra-advisors.com\/ca\/#website\"},\"primaryImageOfPage\":{\"@id\":\"https:\/\/www.andorra-advisors.com\/ca\/serveis-legals-per-empreses\/#primaryimage\"},\"image\":{\"@id\":\"https:\/\/www.andorra-advisors.com\/ca\/serveis-legals-per-empreses\/#primaryimage\"},\"thumbnailUrl\":\"https:\/\/www.andorra-advisors.com\/ca\/wp-content\/uploads\/2020\/05\/andorra_featured_Serveis-legals-per-a-empreses.png\",\"datePublished\":\"2018-10-03T06:08:26+00:00\",\"dateModified\":\"2022-02-22T10:59:11+00:00\",\"description\":\"Des d'Andorra Advisors by Aug\u00e9 Grup t'oferim tot tipus de serveis legals perqu\u00e8 tinguis el suport que necessites davant de qualsevol situaci\u00f3 que pugui sorgir.\",\"breadcrumb\":{\"@id\":\"https:\/\/www.andorra-advisors.com\/ca\/serveis-legals-per-empreses\/#breadcrumb\"},\"inLanguage\":\"ca\",\"potentialAction\":[{\"@type\":\"ReadAction\",\"target\":[\"https:\/\/www.andorra-advisors.com\/ca\/serveis-legals-per-empreses\/\"]}]},{\"@type\":\"ImageObject\",\"inLanguage\":\"ca\",\"@id\":\"https:\/\/www.andorra-advisors.com\/ca\/serveis-legals-per-empreses\/#primaryimage\",\"url\":\"https:\/\/www.andorra-advisors.com\/ca\/wp-content\/uploads\/2020\/05\/andorra_featured_Serveis-legals-per-a-empreses.png\",\"contentUrl\":\"https:\/\/www.andorra-advisors.com\/ca\/wp-content\/uploads\/2020\/05\/andorra_featured_Serveis-legals-per-a-empreses.png\",\"width\":600,\"height\":315,\"caption\":\"andorra_featured Serveis legals per a empreses\"},{\"@type\":\"BreadcrumbList\",\"@id\":\"https:\/\/www.andorra-advisors.com\/ca\/serveis-legals-per-empreses\/#breadcrumb\",\"itemListElement\":[{\"@type\":\"ListItem\",\"position\":1,\"name\":\"Inici\",\"item\":\"https:\/\/www.andorra-advisors.com\/ca\/\"},{\"@type\":\"ListItem\",\"position\":2,\"name\":\"Servei legal per a empreses\"}]},{\"@type\":\"WebSite\",\"@id\":\"https:\/\/www.andorra-advisors.com\/ca\/#website\",\"url\":\"https:\/\/www.andorra-advisors.com\/ca\/\",\"name\":\"Andorra Advisors\",\"description\":\"\",\"potentialAction\":[{\"@type\":\"SearchAction\",\"target\":{\"@type\":\"EntryPoint\",\"urlTemplate\":\"https:\/\/www.andorra-advisors.com\/ca\/?s={search_term_string}\"},\"query-input\":{\"@type\":\"PropertyValueSpecification\",\"valueRequired\":true,\"valueName\":\"search_term_string\"}}],\"inLanguage\":\"ca\"}]}<\/script>\n<!-- \/ Yoast SEO plugin. -->","yoast_head_json":{"title":"Servei legal per a empreses - Consulta a Andorra Advisors by Aug\u00e9 Grup","description":"Des d'Andorra Advisors by Aug\u00e9 Grup t'oferim tot tipus de serveis legals perqu\u00e8 tinguis el suport que necessites davant de qualsevol situaci\u00f3 que pugui sorgir.","robots":{"index":"index","follow":"follow","max-snippet":"max-snippet:-1","max-image-preview":"max-image-preview:large","max-video-preview":"max-video-preview:-1"},"canonical":"https:\/\/www.andorra-advisors.com\/ca\/serveis-legals-per-empreses\/","og_locale":"ca_ES","og_type":"article","og_title":"Servei legal per a empreses - Consulta a Andorra Advisors by Aug\u00e9 Grup","og_description":"Des d'Andorra Advisors by Aug\u00e9 Grup t'oferim tot tipus de serveis legals perqu\u00e8 tinguis el suport que necessites davant de qualsevol situaci\u00f3 que pugui sorgir.","og_url":"https:\/\/www.andorra-advisors.com\/ca\/serveis-legals-per-empreses\/","og_site_name":"Andorra Advisors","article_modified_time":"2022-02-22T10:59:11+00:00","og_image":[{"width":600,"height":315,"url":"https:\/\/www.andorra-advisors.com\/ca\/wp-content\/uploads\/2020\/05\/andorra_featured_Serveis-legals-per-a-empreses.png","type":"image\/png"}],"twitter_card":"summary_large_image","schema":{"@context":"https:\/\/schema.org","@graph":[{"@type":"WebPage","@id":"https:\/\/www.andorra-advisors.com\/ca\/serveis-legals-per-empreses\/","url":"https:\/\/www.andorra-advisors.com\/ca\/serveis-legals-per-empreses\/","name":"Servei legal per a empreses - Consulta a Andorra Advisors by Aug\u00e9 Grup","isPartOf":{"@id":"https:\/\/www.andorra-advisors.com\/ca\/#website"},"primaryImageOfPage":{"@id":"https:\/\/www.andorra-advisors.com\/ca\/serveis-legals-per-empreses\/#primaryimage"},"image":{"@id":"https:\/\/www.andorra-advisors.com\/ca\/serveis-legals-per-empreses\/#primaryimage"},"thumbnailUrl":"https:\/\/www.andorra-advisors.com\/ca\/wp-content\/uploads\/2020\/05\/andorra_featured_Serveis-legals-per-a-empreses.png","datePublished":"2018-10-03T06:08:26+00:00","dateModified":"2022-02-22T10:59:11+00:00","description":"Des d'Andorra Advisors by Aug\u00e9 Grup t'oferim tot tipus de serveis legals perqu\u00e8 tinguis el suport que necessites davant de qualsevol situaci\u00f3 que pugui sorgir.","breadcrumb":{"@id":"https:\/\/www.andorra-advisors.com\/ca\/serveis-legals-per-empreses\/#breadcrumb"},"inLanguage":"ca","potentialAction":[{"@type":"ReadAction","target":["https:\/\/www.andorra-advisors.com\/ca\/serveis-legals-per-empreses\/"]}]},{"@type":"ImageObject","inLanguage":"ca","@id":"https:\/\/www.andorra-advisors.com\/ca\/serveis-legals-per-empreses\/#primaryimage","url":"https:\/\/www.andorra-advisors.com\/ca\/wp-content\/uploads\/2020\/05\/andorra_featured_Serveis-legals-per-a-empreses.png","contentUrl":"https:\/\/www.andorra-advisors.com\/ca\/wp-content\/uploads\/2020\/05\/andorra_featured_Serveis-legals-per-a-empreses.png","width":600,"height":315,"caption":"andorra_featured Serveis legals per a empreses"},{"@type":"BreadcrumbList","@id":"https:\/\/www.andorra-advisors.com\/ca\/serveis-legals-per-empreses\/#breadcrumb","itemListElement":[{"@type":"ListItem","position":1,"name":"Inici","item":"https:\/\/www.andorra-advisors.com\/ca\/"},{"@type":"ListItem","position":2,"name":"Servei legal per a empreses"}]},{"@type":"WebSite","@id":"https:\/\/www.andorra-advisors.com\/ca\/#website","url":"https:\/\/www.andorra-advisors.com\/ca\/","name":"Andorra Advisors","description":"","potentialAction":[{"@type":"SearchAction","target":{"@type":"EntryPoint","urlTemplate":"https:\/\/www.andorra-advisors.com\/ca\/?s={search_term_string}"},"query-input":{"@type":"PropertyValueSpecification","valueRequired":true,"valueName":"search_term_string"}}],"inLanguage":"ca"}]}},"_links":{"self":[{"href":"https:\/\/www.andorra-advisors.com\/ca\/wp-json\/wp\/v2\/pages\/1349","targetHints":{"allow":["GET"]}}],"collection":[{"href":"https:\/\/www.andorra-advisors.com\/ca\/wp-json\/wp\/v2\/pages"}],"about":[{"href":"https:\/\/www.andorra-advisors.com\/ca\/wp-json\/wp\/v2\/types\/page"}],"author":[{"embeddable":true,"href":"https:\/\/www.andorra-advisors.com\/ca\/wp-json\/wp\/v2\/users\/1"}],"replies":[{"embeddable":true,"href":"https:\/\/www.andorra-advisors.com\/ca\/wp-json\/wp\/v2\/comments?post=1349"}],"version-history":[{"count":9,"href":"https:\/\/www.andorra-advisors.com\/ca\/wp-json\/wp\/v2\/pages\/1349\/revisions"}],"predecessor-version":[{"id":2358,"href":"https:\/\/www.andorra-advisors.com\/ca\/wp-json\/wp\/v2\/pages\/1349\/revisions\/2358"}],"wp:featuredmedia":[{"embeddable":true,"href":"https:\/\/www.andorra-advisors.com\/ca\/wp-json\/wp\/v2\/media\/1938"}],"wp:attachment":[{"href":"https:\/\/www.andorra-advisors.com\/ca\/wp-json\/wp\/v2\/media?parent=1349"}],"curies":[{"name":"wp","href":"https:\/\/api.w.org\/{rel}","templated":true}]}}