{"id":2404,"date":"2022-07-19T10:38:34","date_gmt":"2022-07-19T10:38:34","guid":{"rendered":"https:\/\/www.andorra-advisors.com\/ca\/?page_id=2404"},"modified":"2023-09-14T07:13:57","modified_gmt":"2023-09-14T07:13:57","slug":"sitemap","status":"publish","type":"page","link":"https:\/\/www.andorra-advisors.com\/ca\/sitemap\/","title":{"rendered":"Sitemap"},"content":{"rendered":"\n<div class=\"wp-block-columns is-layout-flex wp-container-core-columns-is-layout-1 wp-block-columns-is-layout-flex\" id=\"all-link\">\n<div class=\"wp-block-column is-layout-flow wp-block-column-is-layout-flow\">\n<div class=\"all-links\">\n\t\t\n\t\t\t<p><a href=\"https:\/\/www.andorra-advisors.com\/ca\/\">Andorra Advisors<\/a><\/p>\n\t\t\t<p><a href=\"https:\/\/www.andorra-advisors.com\/ca\/angel-investors\/\">Angel Investors<\/a><\/p>\n\t\t\t<p><a href=\"https:\/\/www.andorra-advisors.com\/ca\/assesorament-comptable-i-tributari\/\">Assessorament comptable i tributari<\/a><\/p>\n\t\t\t<p><a href=\"https:\/\/www.andorra-advisors.com\/ca\/avantatges-fiscals-andorra\/\">Avantatges Fiscals d\u2019Andorra<\/a><\/p>\n\t\t\t<p><a href=\"https:\/\/www.andorra-advisors.com\/ca\/banca-privada\/\">Banca Privada<\/a><\/p>\n\t\t\t<p><a href=\"https:\/\/www.andorra-advisors.com\/ca\/bancs-andorra\/\">Bancs d\u2019Andorra<\/a><\/p>\n\t\t\t<p><a href=\"https:\/\/www.andorra-advisors.com\/ca\/comerc-electronic\/\">Comer\u00e7 electr\u00f2nic a Andorra<\/a><\/p>\n\t\t\t<p><a href=\"https:\/\/www.andorra-advisors.com\/ca\/comerc-internacional\/\">Comer\u00e7 internacional<\/a><\/p>\n\t\t\t<p><a href=\"https:\/\/www.andorra-advisors.com\/ca\/compra-bens-immobles\/\">Compra de b\u00e9ns immobles<\/a><\/p>\n\t\t\t<p><a href=\"https:\/\/www.andorra-advisors.com\/ca\/convenis-fiscals-doble-imposicio\/\">Convenis fiscals de doble imposici\u00f3<\/a><\/p>\n\t\t\t<p><a href=\"https:\/\/www.andorra-advisors.com\/ca\/creacio-empresa-andorra\/\">Crear una empresa a Andorra<\/a><\/p>\n\t<p><a href=\"https:\/\/www.andorra-advisors.com\/ca\/criteris-residencia-fiscal-andorra\/\">Criteris resid\u00e8ncia fiscal<\/a><\/p>\t\n\t<\/div>\n<\/div>\n\n\n\n<div class=\"wp-block-column is-layout-flow wp-block-column-is-layout-flow\">\n<div class=\"all-links2\">\n\t\t\n\t\t\t\n\t\t\t<p><a href=\"https:\/\/www.andorra-advisors.com\/ca\/gestio-internacional-actius-intangibles\/\">Empreses de gesti\u00f3 internacional d\u2019actius intangibles<\/a><\/p>\n\t\t\t<p><a href=\"https:\/\/www.andorra-advisors.com\/ca\/gestio-patrimoni\/\">Gesti\u00f3 de patrimoni<\/a><\/p>\n\t\t\t<p><a href=\"https:\/\/www.andorra-advisors.com\/ca\/holdings\/\">Holdings a Andorra<\/a><\/p>\n\t\t\t<p><a href=\"https:\/\/www.andorra-advisors.com\/ca\/impostos-andorra\/\">Impostos a Andorra<\/a><\/p>\n\t\t\t<p><a href=\"https:\/\/www.andorra-advisors.com\/ca\/inversio-gestio-financera-andorra\/\">Inversi\u00f3 i gesti\u00f3 financera a Andorra<\/a><\/p>\n\t\t\t<p><a href=\"https:\/\/www.andorra-advisors.com\/ca\/inversio-inmobiliaria\/\">Inversi\u00f3 immobili\u00e0ria<\/a><\/p>\n\t\t\t<p><a href=\"https:\/\/www.andorra-advisors.com\/ca\/inversors-privats\/\">Inversors privats a Andorra<\/a><\/p>\n\t\t\t<p><a href=\"https:\/\/www.andorra-advisors.com\/ca\/invertir-a-andorra\/\">Invertir a Andorra<\/a><\/p>\n\t\t\t<p><a href=\"https:\/\/www.andorra-advisors.com\/ca\/oficina-virtual\/\">Oficina Virtual<\/a><\/p>\n\t\t\t<p><a href=\"https:\/\/www.andorra-advisors.com\/ca\/permis-treball-i-residencia\/\">Perm\u00eds de treball i resid\u00e8ncia<\/a><\/p>\n<p><a href=\"https:\/\/www.andorra-advisors.com\/ca\/planificacio-fiscal-internacional\/\">Planificaci\u00f3 fiscal internacional<\/a><\/p>\n\n\t<p><a href=\"https:\/\/www.andorra-advisors.com\/ca\/cookies\/\">Politica De De Cookies<\/a><\/p>\t\t\n\t<\/div>\n<\/div>\n\n\n\n<div class=\"wp-block-column is-layout-flow wp-block-column-is-layout-flow\">\n<div class=\"all-links3\">\n\t\t\t<p><a href=\"https:\/\/www.andorra-advisors.com\/ca\/politica-de-privadesa\/\">Pol\u00edtica de Privadesa<\/a><\/p>\n\t\t\t<p><a href=\"https:\/\/www.andorra-advisors.com\/ca\/qui-som\/\">Qui som<\/a><\/p>\n\t\t\t<p><a href=\"https:\/\/www.andorra-advisors.com\/ca\/residencia-a-andorra\/\">Residencia a Andorra<\/a><\/p>\n\t\t\t<p><a href=\"https:\/\/www.andorra-advisors.com\/ca\/residencia-passiva-inversors\/\">Resid\u00e8ncia passiva per a inversors<\/a><\/p>\n\t\t\t<p><a href=\"https:\/\/www.andorra-advisors.com\/ca\/serveis-legals-per-empreses\/\">Servei legal per a empreses<\/a><\/p>\n\t\t\t<p><a href=\"https:\/\/www.andorra-advisors.com\/ca\/tributacio-andorra\/\">Tributaci\u00f3 a Andorra<\/a><\/p>\n\t\t\t<p><a href=\"https:\/\/www.andorra-advisors.com\/ca\/viure-a-andorra\/\">Viure a Andorra<\/a><\/p>\n<p> <a href=\"https:\/\/www.andorra-advisors.com\/ca\/tags\/\">Tags<\/a> <\/p>\n\t\t <p> <a href=\"https:\/\/www.andorra-advisors.com\/ca\/categories\/\">Categor\u00edas<\/a> <\/p>\n\t\t<p><a href=\"https:\/\/www.andorra-advisors.com\/ca\/author\/cristina-lopez\/\">Redacci\u00f3n<\/a><\/p>\n\t\t\t\t\t <p> <a href=\"https:\/\/www.andorra-advisors.com\/ca\/blog\/\">Blog<\/a> <\/p>\n<p> <a href=\"https:\/\/www.andorra-advisors.com\/ca\/autonoms-a-andorra\/\">Aut\u00f2noms a Andorra<\/a> <\/p>\n\t<\/div>\n<\/div>\n<\/div>\n","protected":false},"excerpt":{"rendered":"<p>Andorra Advisors Angel Investors Assessorament comptable i tributari Avantatges Fiscals d\u2019Andorra Banca Privada Bancs d\u2019Andorra Comer\u00e7 electr\u00f2nic a Andorra Comer\u00e7 internacional Compra de b\u00e9ns immobles Convenis fiscals de doble imposici\u00f3 Crear una empresa a Andorra Criteris resid\u00e8ncia fiscal Empreses de gesti\u00f3 internacional d\u2019actius intangibles Gesti\u00f3 de patrimoni Holdings a Andorra Impostos a Andorra Inversi\u00f3 i [&hellip;]<\/p>\n","protected":false},"author":1,"featured_media":0,"parent":0,"menu_order":0,"comment_status":"closed","ping_status":"closed","template":"sitemap.php","meta":{"_acf_changed":false,"footnotes":""},"class_list":["post-2404","page","type-page","status-publish","hentry"],"acf":[],"yoast_head":"<!-- This site is optimized with the Yoast SEO plugin v24.6 - https:\/\/yoast.com\/wordpress\/plugins\/seo\/ -->\n<title>Sitemap - Andorra Advisors<\/title>\n<meta name=\"robots\" content=\"index, follow, max-snippet:-1, max-image-preview:large, max-video-preview:-1\" \/>\n<link rel=\"canonical\" href=\"https:\/\/www.andorra-advisors.com\/ca\/sitemap\/\" \/>\n<meta property=\"og:locale\" content=\"ca_ES\" \/>\n<meta property=\"og:type\" content=\"article\" \/>\n<meta property=\"og:title\" content=\"Sitemap - Andorra Advisors\" \/>\n<meta property=\"og:description\" content=\"Andorra Advisors Angel Investors Assessorament comptable i tributari Avantatges Fiscals d\u2019Andorra Banca Privada Bancs d\u2019Andorra Comer\u00e7 electr\u00f2nic a Andorra Comer\u00e7 internacional Compra de b\u00e9ns immobles Convenis fiscals de doble imposici\u00f3 Crear una empresa a Andorra Criteris resid\u00e8ncia fiscal Empreses de gesti\u00f3 internacional d\u2019actius intangibles Gesti\u00f3 de patrimoni Holdings a Andorra Impostos a Andorra Inversi\u00f3 i [&hellip;]\" \/>\n<meta property=\"og:url\" content=\"https:\/\/www.andorra-advisors.com\/ca\/sitemap\/\" \/>\n<meta property=\"og:site_name\" content=\"Andorra Advisors\" \/>\n<meta property=\"article:modified_time\" content=\"2023-09-14T07:13:57+00:00\" \/>\n<meta name=\"twitter:card\" content=\"summary_large_image\" \/>\n<meta name=\"twitter:label1\" content=\"Temps estimat de lectura\" \/>\n\t<meta name=\"twitter:data1\" content=\"1 minut\" \/>\n<script type=\"application\/ld+json\" class=\"yoast-schema-graph\">{\"@context\":\"https:\/\/schema.org\",\"@graph\":[{\"@type\":\"WebPage\",\"@id\":\"https:\/\/www.andorra-advisors.com\/ca\/sitemap\/\",\"url\":\"https:\/\/www.andorra-advisors.com\/ca\/sitemap\/\",\"name\":\"Sitemap - Andorra Advisors\",\"isPartOf\":{\"@id\":\"https:\/\/www.andorra-advisors.com\/ca\/#website\"},\"datePublished\":\"2022-07-19T10:38:34+00:00\",\"dateModified\":\"2023-09-14T07:13:57+00:00\",\"breadcrumb\":{\"@id\":\"https:\/\/www.andorra-advisors.com\/ca\/sitemap\/#breadcrumb\"},\"inLanguage\":\"ca\",\"potentialAction\":[{\"@type\":\"ReadAction\",\"target\":[\"https:\/\/www.andorra-advisors.com\/ca\/sitemap\/\"]}]},{\"@type\":\"BreadcrumbList\",\"@id\":\"https:\/\/www.andorra-advisors.com\/ca\/sitemap\/#breadcrumb\",\"itemListElement\":[{\"@type\":\"ListItem\",\"position\":1,\"name\":\"Inici\",\"item\":\"https:\/\/www.andorra-advisors.com\/ca\/\"},{\"@type\":\"ListItem\",\"position\":2,\"name\":\"Sitemap\"}]},{\"@type\":\"WebSite\",\"@id\":\"https:\/\/www.andorra-advisors.com\/ca\/#website\",\"url\":\"https:\/\/www.andorra-advisors.com\/ca\/\",\"name\":\"Andorra Advisors\",\"description\":\"\",\"potentialAction\":[{\"@type\":\"SearchAction\",\"target\":{\"@type\":\"EntryPoint\",\"urlTemplate\":\"https:\/\/www.andorra-advisors.com\/ca\/?s={search_term_string}\"},\"query-input\":{\"@type\":\"PropertyValueSpecification\",\"valueRequired\":true,\"valueName\":\"search_term_string\"}}],\"inLanguage\":\"ca\"}]}<\/script>\n<!-- \/ Yoast SEO plugin. -->","yoast_head_json":{"title":"Sitemap - Andorra Advisors","robots":{"index":"index","follow":"follow","max-snippet":"max-snippet:-1","max-image-preview":"max-image-preview:large","max-video-preview":"max-video-preview:-1"},"canonical":"https:\/\/www.andorra-advisors.com\/ca\/sitemap\/","og_locale":"ca_ES","og_type":"article","og_title":"Sitemap - Andorra Advisors","og_description":"Andorra Advisors Angel Investors Assessorament comptable i tributari Avantatges Fiscals d\u2019Andorra Banca Privada Bancs d\u2019Andorra Comer\u00e7 electr\u00f2nic a Andorra Comer\u00e7 internacional Compra de b\u00e9ns immobles Convenis fiscals de doble imposici\u00f3 Crear una empresa a Andorra Criteris resid\u00e8ncia fiscal Empreses de gesti\u00f3 internacional d\u2019actius intangibles Gesti\u00f3 de patrimoni Holdings a Andorra Impostos a Andorra Inversi\u00f3 i [&hellip;]","og_url":"https:\/\/www.andorra-advisors.com\/ca\/sitemap\/","og_site_name":"Andorra Advisors","article_modified_time":"2023-09-14T07:13:57+00:00","twitter_card":"summary_large_image","twitter_misc":{"Temps estimat de lectura":"1 minut"},"schema":{"@context":"https:\/\/schema.org","@graph":[{"@type":"WebPage","@id":"https:\/\/www.andorra-advisors.com\/ca\/sitemap\/","url":"https:\/\/www.andorra-advisors.com\/ca\/sitemap\/","name":"Sitemap - Andorra Advisors","isPartOf":{"@id":"https:\/\/www.andorra-advisors.com\/ca\/#website"},"datePublished":"2022-07-19T10:38:34+00:00","dateModified":"2023-09-14T07:13:57+00:00","breadcrumb":{"@id":"https:\/\/www.andorra-advisors.com\/ca\/sitemap\/#breadcrumb"},"inLanguage":"ca","potentialAction":[{"@type":"ReadAction","target":["https:\/\/www.andorra-advisors.com\/ca\/sitemap\/"]}]},{"@type":"BreadcrumbList","@id":"https:\/\/www.andorra-advisors.com\/ca\/sitemap\/#breadcrumb","itemListElement":[{"@type":"ListItem","position":1,"name":"Inici","item":"https:\/\/www.andorra-advisors.com\/ca\/"},{"@type":"ListItem","position":2,"name":"Sitemap"}]},{"@type":"WebSite","@id":"https:\/\/www.andorra-advisors.com\/ca\/#website","url":"https:\/\/www.andorra-advisors.com\/ca\/","name":"Andorra Advisors","description":"","potentialAction":[{"@type":"SearchAction","target":{"@type":"EntryPoint","urlTemplate":"https:\/\/www.andorra-advisors.com\/ca\/?s={search_term_string}"},"query-input":{"@type":"PropertyValueSpecification","valueRequired":true,"valueName":"search_term_string"}}],"inLanguage":"ca"}]}},"_links":{"self":[{"href":"https:\/\/www.andorra-advisors.com\/ca\/wp-json\/wp\/v2\/pages\/2404","targetHints":{"allow":["GET"]}}],"collection":[{"href":"https:\/\/www.andorra-advisors.com\/ca\/wp-json\/wp\/v2\/pages"}],"about":[{"href":"https:\/\/www.andorra-advisors.com\/ca\/wp-json\/wp\/v2\/types\/page"}],"author":[{"embeddable":true,"href":"https:\/\/www.andorra-advisors.com\/ca\/wp-json\/wp\/v2\/users\/1"}],"replies":[{"embeddable":true,"href":"https:\/\/www.andorra-advisors.com\/ca\/wp-json\/wp\/v2\/comments?post=2404"}],"version-history":[{"count":8,"href":"https:\/\/www.andorra-advisors.com\/ca\/wp-json\/wp\/v2\/pages\/2404\/revisions"}],"predecessor-version":[{"id":2512,"href":"https:\/\/www.andorra-advisors.com\/ca\/wp-json\/wp\/v2\/pages\/2404\/revisions\/2512"}],"wp:attachment":[{"href":"https:\/\/www.andorra-advisors.com\/ca\/wp-json\/wp\/v2\/media?parent=2404"}],"curies":[{"name":"wp","href":"https:\/\/api.w.org\/{rel}","templated":true}]}}