{"id":50,"date":"2018-09-27T04:51:19","date_gmt":"2018-09-27T04:51:19","guid":{"rendered":"https:\/\/www.andorra-advisors.com\/ca\/?page_id=50"},"modified":"2024-02-28T16:01:55","modified_gmt":"2024-02-28T16:01:55","slug":"creacio-empresa-andorra","status":"publish","type":"page","link":"https:\/\/www.andorra-advisors.com\/ca\/creacio-empresa-andorra\/","title":{"rendered":"Crear una empresa a Andorra"},"content":{"rendered":"","protected":false},"excerpt":{"rendered":"","protected":false},"author":1,"featured_media":1921,"parent":0,"menu_order":0,"comment_status":"closed","ping_status":"closed","template":"andorra-innerpage.php","meta":{"_acf_changed":false,"footnotes":""},"class_list":["post-50","page","type-page","status-publish","has-post-thumbnail","hentry"],"acf":[],"yoast_head":"<!-- This site is optimized with the Yoast SEO plugin v24.6 - https:\/\/yoast.com\/wordpress\/plugins\/seo\/ -->\n<title>Crear una empresa a Andorra - Consulta a Andorra Advisors by Aug\u00e9 Grup<\/title>\n<meta name=\"description\" content=\"Andorra \u00e9s un pa\u00eds amb gran qualitat de vida, que va passar de ser parad\u00eds fiscal a tenir una fiscalitat molt beneficiosa, moderna i transparent.\" \/>\n<meta name=\"robots\" content=\"index, follow, max-snippet:-1, max-image-preview:large, max-video-preview:-1\" \/>\n<link rel=\"canonical\" href=\"https:\/\/www.andorra-advisors.com\/ca\/creacio-empresa-andorra\/\" \/>\n<meta property=\"og:locale\" content=\"ca_ES\" \/>\n<meta property=\"og:type\" content=\"article\" \/>\n<meta property=\"og:title\" content=\"Crear una empresa a Andorra - Consulta a Andorra Advisors by Aug\u00e9 Grup\" \/>\n<meta property=\"og:description\" content=\"Andorra \u00e9s un pa\u00eds amb gran qualitat de vida, que va passar de ser parad\u00eds fiscal a tenir una fiscalitat molt beneficiosa, moderna i transparent.\" \/>\n<meta property=\"og:url\" content=\"https:\/\/www.andorra-advisors.com\/ca\/creacio-empresa-andorra\/\" \/>\n<meta property=\"og:site_name\" content=\"Andorra Advisors\" \/>\n<meta property=\"article:modified_time\" content=\"2024-02-28T16:01:55+00:00\" \/>\n<meta property=\"og:image\" content=\"https:\/\/www.andorra-advisors.com\/ca\/wp-content\/uploads\/2020\/05\/andorra_featured_Crear-empresa-a-Andorra.png\" \/>\n\t<meta property=\"og:image:width\" content=\"600\" \/>\n\t<meta property=\"og:image:height\" content=\"315\" \/>\n\t<meta property=\"og:image:type\" content=\"image\/png\" \/>\n<meta name=\"twitter:card\" content=\"summary_large_image\" \/>\n<script type=\"application\/ld+json\" class=\"yoast-schema-graph\">{\"@context\":\"https:\/\/schema.org\",\"@graph\":[{\"@type\":\"WebPage\",\"@id\":\"https:\/\/www.andorra-advisors.com\/ca\/creacio-empresa-andorra\/\",\"url\":\"https:\/\/www.andorra-advisors.com\/ca\/creacio-empresa-andorra\/\",\"name\":\"Crear una empresa a Andorra - Consulta a Andorra Advisors by Aug\u00e9 Grup\",\"isPartOf\":{\"@id\":\"https:\/\/www.andorra-advisors.com\/ca\/#website\"},\"primaryImageOfPage\":{\"@id\":\"https:\/\/www.andorra-advisors.com\/ca\/creacio-empresa-andorra\/#primaryimage\"},\"image\":{\"@id\":\"https:\/\/www.andorra-advisors.com\/ca\/creacio-empresa-andorra\/#primaryimage\"},\"thumbnailUrl\":\"https:\/\/www.andorra-advisors.com\/ca\/wp-content\/uploads\/2020\/05\/andorra_featured_Crear-empresa-a-Andorra.png\",\"datePublished\":\"2018-09-27T04:51:19+00:00\",\"dateModified\":\"2024-02-28T16:01:55+00:00\",\"description\":\"Andorra \u00e9s un pa\u00eds amb gran qualitat de vida, que va passar de ser parad\u00eds fiscal a tenir una fiscalitat molt beneficiosa, moderna i transparent.\",\"breadcrumb\":{\"@id\":\"https:\/\/www.andorra-advisors.com\/ca\/creacio-empresa-andorra\/#breadcrumb\"},\"inLanguage\":\"ca\",\"potentialAction\":[{\"@type\":\"ReadAction\",\"target\":[\"https:\/\/www.andorra-advisors.com\/ca\/creacio-empresa-andorra\/\"]}]},{\"@type\":\"ImageObject\",\"inLanguage\":\"ca\",\"@id\":\"https:\/\/www.andorra-advisors.com\/ca\/creacio-empresa-andorra\/#primaryimage\",\"url\":\"https:\/\/www.andorra-advisors.com\/ca\/wp-content\/uploads\/2020\/05\/andorra_featured_Crear-empresa-a-Andorra.png\",\"contentUrl\":\"https:\/\/www.andorra-advisors.com\/ca\/wp-content\/uploads\/2020\/05\/andorra_featured_Crear-empresa-a-Andorra.png\",\"width\":600,\"height\":315,\"caption\":\"andorra_featured Crear empresa a Andorra\"},{\"@type\":\"BreadcrumbList\",\"@id\":\"https:\/\/www.andorra-advisors.com\/ca\/creacio-empresa-andorra\/#breadcrumb\",\"itemListElement\":[{\"@type\":\"ListItem\",\"position\":1,\"name\":\"Inici\",\"item\":\"https:\/\/www.andorra-advisors.com\/ca\/\"},{\"@type\":\"ListItem\",\"position\":2,\"name\":\"Crear una empresa a Andorra\"}]},{\"@type\":\"WebSite\",\"@id\":\"https:\/\/www.andorra-advisors.com\/ca\/#website\",\"url\":\"https:\/\/www.andorra-advisors.com\/ca\/\",\"name\":\"Andorra Advisors\",\"description\":\"\",\"potentialAction\":[{\"@type\":\"SearchAction\",\"target\":{\"@type\":\"EntryPoint\",\"urlTemplate\":\"https:\/\/www.andorra-advisors.com\/ca\/?s={search_term_string}\"},\"query-input\":{\"@type\":\"PropertyValueSpecification\",\"valueRequired\":true,\"valueName\":\"search_term_string\"}}],\"inLanguage\":\"ca\"}]}<\/script>\n<!-- \/ Yoast SEO plugin. -->","yoast_head_json":{"title":"Crear una empresa a Andorra - Consulta a Andorra Advisors by Aug\u00e9 Grup","description":"Andorra \u00e9s un pa\u00eds amb gran qualitat de vida, que va passar de ser parad\u00eds fiscal a tenir una fiscalitat molt beneficiosa, moderna i transparent.","robots":{"index":"index","follow":"follow","max-snippet":"max-snippet:-1","max-image-preview":"max-image-preview:large","max-video-preview":"max-video-preview:-1"},"canonical":"https:\/\/www.andorra-advisors.com\/ca\/creacio-empresa-andorra\/","og_locale":"ca_ES","og_type":"article","og_title":"Crear una empresa a Andorra - Consulta a Andorra Advisors by Aug\u00e9 Grup","og_description":"Andorra \u00e9s un pa\u00eds amb gran qualitat de vida, que va passar de ser parad\u00eds fiscal a tenir una fiscalitat molt beneficiosa, moderna i transparent.","og_url":"https:\/\/www.andorra-advisors.com\/ca\/creacio-empresa-andorra\/","og_site_name":"Andorra Advisors","article_modified_time":"2024-02-28T16:01:55+00:00","og_image":[{"width":600,"height":315,"url":"https:\/\/www.andorra-advisors.com\/ca\/wp-content\/uploads\/2020\/05\/andorra_featured_Crear-empresa-a-Andorra.png","type":"image\/png"}],"twitter_card":"summary_large_image","schema":{"@context":"https:\/\/schema.org","@graph":[{"@type":"WebPage","@id":"https:\/\/www.andorra-advisors.com\/ca\/creacio-empresa-andorra\/","url":"https:\/\/www.andorra-advisors.com\/ca\/creacio-empresa-andorra\/","name":"Crear una empresa a Andorra - Consulta a Andorra Advisors by Aug\u00e9 Grup","isPartOf":{"@id":"https:\/\/www.andorra-advisors.com\/ca\/#website"},"primaryImageOfPage":{"@id":"https:\/\/www.andorra-advisors.com\/ca\/creacio-empresa-andorra\/#primaryimage"},"image":{"@id":"https:\/\/www.andorra-advisors.com\/ca\/creacio-empresa-andorra\/#primaryimage"},"thumbnailUrl":"https:\/\/www.andorra-advisors.com\/ca\/wp-content\/uploads\/2020\/05\/andorra_featured_Crear-empresa-a-Andorra.png","datePublished":"2018-09-27T04:51:19+00:00","dateModified":"2024-02-28T16:01:55+00:00","description":"Andorra \u00e9s un pa\u00eds amb gran qualitat de vida, que va passar de ser parad\u00eds fiscal a tenir una fiscalitat molt beneficiosa, moderna i transparent.","breadcrumb":{"@id":"https:\/\/www.andorra-advisors.com\/ca\/creacio-empresa-andorra\/#breadcrumb"},"inLanguage":"ca","potentialAction":[{"@type":"ReadAction","target":["https:\/\/www.andorra-advisors.com\/ca\/creacio-empresa-andorra\/"]}]},{"@type":"ImageObject","inLanguage":"ca","@id":"https:\/\/www.andorra-advisors.com\/ca\/creacio-empresa-andorra\/#primaryimage","url":"https:\/\/www.andorra-advisors.com\/ca\/wp-content\/uploads\/2020\/05\/andorra_featured_Crear-empresa-a-Andorra.png","contentUrl":"https:\/\/www.andorra-advisors.com\/ca\/wp-content\/uploads\/2020\/05\/andorra_featured_Crear-empresa-a-Andorra.png","width":600,"height":315,"caption":"andorra_featured Crear empresa a Andorra"},{"@type":"BreadcrumbList","@id":"https:\/\/www.andorra-advisors.com\/ca\/creacio-empresa-andorra\/#breadcrumb","itemListElement":[{"@type":"ListItem","position":1,"name":"Inici","item":"https:\/\/www.andorra-advisors.com\/ca\/"},{"@type":"ListItem","position":2,"name":"Crear una empresa a Andorra"}]},{"@type":"WebSite","@id":"https:\/\/www.andorra-advisors.com\/ca\/#website","url":"https:\/\/www.andorra-advisors.com\/ca\/","name":"Andorra Advisors","description":"","potentialAction":[{"@type":"SearchAction","target":{"@type":"EntryPoint","urlTemplate":"https:\/\/www.andorra-advisors.com\/ca\/?s={search_term_string}"},"query-input":{"@type":"PropertyValueSpecification","valueRequired":true,"valueName":"search_term_string"}}],"inLanguage":"ca"}]}},"_links":{"self":[{"href":"https:\/\/www.andorra-advisors.com\/ca\/wp-json\/wp\/v2\/pages\/50","targetHints":{"allow":["GET"]}}],"collection":[{"href":"https:\/\/www.andorra-advisors.com\/ca\/wp-json\/wp\/v2\/pages"}],"about":[{"href":"https:\/\/www.andorra-advisors.com\/ca\/wp-json\/wp\/v2\/types\/page"}],"author":[{"embeddable":true,"href":"https:\/\/www.andorra-advisors.com\/ca\/wp-json\/wp\/v2\/users\/1"}],"replies":[{"embeddable":true,"href":"https:\/\/www.andorra-advisors.com\/ca\/wp-json\/wp\/v2\/comments?post=50"}],"version-history":[{"count":27,"href":"https:\/\/www.andorra-advisors.com\/ca\/wp-json\/wp\/v2\/pages\/50\/revisions"}],"predecessor-version":[{"id":2534,"href":"https:\/\/www.andorra-advisors.com\/ca\/wp-json\/wp\/v2\/pages\/50\/revisions\/2534"}],"wp:featuredmedia":[{"embeddable":true,"href":"https:\/\/www.andorra-advisors.com\/ca\/wp-json\/wp\/v2\/media\/1921"}],"wp:attachment":[{"href":"https:\/\/www.andorra-advisors.com\/ca\/wp-json\/wp\/v2\/media?parent=50"}],"curies":[{"name":"wp","href":"https:\/\/api.w.org\/{rel}","templated":true}]}}