{"id":65,"date":"2018-10-06T06:08:04","date_gmt":"2018-10-06T06:08:04","guid":{"rendered":"https:\/\/www.andorra-advisors.com\/ca\/?page_id=65"},"modified":"2022-02-21T17:55:12","modified_gmt":"2022-02-21T17:55:12","slug":"gestio-internacional-actius-intangibles","status":"publish","type":"page","link":"https:\/\/www.andorra-advisors.com\/ca\/gestio-internacional-actius-intangibles\/","title":{"rendered":"Empreses de gesti\u00f3 internacional d\u2019actius intangibles"},"content":{"rendered":"","protected":false},"excerpt":{"rendered":"","protected":false},"author":1,"featured_media":1924,"parent":0,"menu_order":0,"comment_status":"closed","ping_status":"closed","template":"andorra-innerpage.php","meta":{"_acf_changed":false,"footnotes":""},"class_list":["post-65","page","type-page","status-publish","has-post-thumbnail","hentry"],"acf":[],"yoast_head":"<!-- This site is optimized with the Yoast SEO plugin v24.6 - https:\/\/yoast.com\/wordpress\/plugins\/seo\/ -->\n<title>Empreses de gesti\u00f3 internacional d&#039;actius intangibles<\/title>\n<meta name=\"description\" content=\"Gestiona des d&#039;Andorra teus drets d&#039;autor, dissenys, creacions, o qualsevol altra llic\u00e8ncia o concessi\u00f3, pagant fins a nom\u00e9s un 2% sobre els teus beneficis.\" \/>\n<meta name=\"robots\" content=\"index, follow, max-snippet:-1, max-image-preview:large, max-video-preview:-1\" \/>\n<link rel=\"canonical\" href=\"https:\/\/www.andorra-advisors.com\/ca\/gestio-internacional-actius-intangibles\/\" \/>\n<meta property=\"og:locale\" content=\"ca_ES\" \/>\n<meta property=\"og:type\" content=\"article\" \/>\n<meta property=\"og:title\" content=\"Empreses de gesti\u00f3 internacional d&#039;actius intangibles\" \/>\n<meta property=\"og:description\" content=\"Gestiona des d&#039;Andorra teus drets d&#039;autor, dissenys, creacions, o qualsevol altra llic\u00e8ncia o concessi\u00f3, pagant fins a nom\u00e9s un 2% sobre els teus beneficis.\" \/>\n<meta property=\"og:url\" content=\"https:\/\/www.andorra-advisors.com\/ca\/gestio-internacional-actius-intangibles\/\" \/>\n<meta property=\"og:site_name\" content=\"Andorra Advisors\" \/>\n<meta property=\"article:modified_time\" content=\"2022-02-21T17:55:12+00:00\" \/>\n<meta property=\"og:image\" content=\"https:\/\/www.andorra-advisors.com\/ca\/wp-content\/uploads\/2020\/05\/andorra_featured_Empreses-de-gesti\u00f3-internacional-dactius-intangibles.png\" \/>\n\t<meta property=\"og:image:width\" content=\"600\" \/>\n\t<meta property=\"og:image:height\" content=\"315\" \/>\n\t<meta property=\"og:image:type\" content=\"image\/png\" \/>\n<meta name=\"twitter:card\" content=\"summary_large_image\" \/>\n<script type=\"application\/ld+json\" class=\"yoast-schema-graph\">{\"@context\":\"https:\/\/schema.org\",\"@graph\":[{\"@type\":\"WebPage\",\"@id\":\"https:\/\/www.andorra-advisors.com\/ca\/gestio-internacional-actius-intangibles\/\",\"url\":\"https:\/\/www.andorra-advisors.com\/ca\/gestio-internacional-actius-intangibles\/\",\"name\":\"Empreses de gesti\u00f3 internacional d'actius intangibles\",\"isPartOf\":{\"@id\":\"https:\/\/www.andorra-advisors.com\/ca\/#website\"},\"primaryImageOfPage\":{\"@id\":\"https:\/\/www.andorra-advisors.com\/ca\/gestio-internacional-actius-intangibles\/#primaryimage\"},\"image\":{\"@id\":\"https:\/\/www.andorra-advisors.com\/ca\/gestio-internacional-actius-intangibles\/#primaryimage\"},\"thumbnailUrl\":\"https:\/\/www.andorra-advisors.com\/ca\/wp-content\/uploads\/2020\/05\/andorra_featured_Empreses-de-gesti\u00f3-internacional-dactius-intangibles.png\",\"datePublished\":\"2018-10-06T06:08:04+00:00\",\"dateModified\":\"2022-02-21T17:55:12+00:00\",\"description\":\"Gestiona des d'Andorra teus drets d'autor, dissenys, creacions, o qualsevol altra llic\u00e8ncia o concessi\u00f3, pagant fins a nom\u00e9s un 2% sobre els teus beneficis.\",\"breadcrumb\":{\"@id\":\"https:\/\/www.andorra-advisors.com\/ca\/gestio-internacional-actius-intangibles\/#breadcrumb\"},\"inLanguage\":\"ca\",\"potentialAction\":[{\"@type\":\"ReadAction\",\"target\":[\"https:\/\/www.andorra-advisors.com\/ca\/gestio-internacional-actius-intangibles\/\"]}]},{\"@type\":\"ImageObject\",\"inLanguage\":\"ca\",\"@id\":\"https:\/\/www.andorra-advisors.com\/ca\/gestio-internacional-actius-intangibles\/#primaryimage\",\"url\":\"https:\/\/www.andorra-advisors.com\/ca\/wp-content\/uploads\/2020\/05\/andorra_featured_Empreses-de-gesti\u00f3-internacional-dactius-intangibles.png\",\"contentUrl\":\"https:\/\/www.andorra-advisors.com\/ca\/wp-content\/uploads\/2020\/05\/andorra_featured_Empreses-de-gesti\u00f3-internacional-dactius-intangibles.png\",\"width\":600,\"height\":315,\"caption\":\"andorra_featured Empreses de gesti\u00f3 internacional d'actius intangibles\"},{\"@type\":\"BreadcrumbList\",\"@id\":\"https:\/\/www.andorra-advisors.com\/ca\/gestio-internacional-actius-intangibles\/#breadcrumb\",\"itemListElement\":[{\"@type\":\"ListItem\",\"position\":1,\"name\":\"Inici\",\"item\":\"https:\/\/www.andorra-advisors.com\/ca\/\"},{\"@type\":\"ListItem\",\"position\":2,\"name\":\"Empreses de gesti\u00f3 internacional d\u2019actius intangibles\"}]},{\"@type\":\"WebSite\",\"@id\":\"https:\/\/www.andorra-advisors.com\/ca\/#website\",\"url\":\"https:\/\/www.andorra-advisors.com\/ca\/\",\"name\":\"Andorra Advisors\",\"description\":\"\",\"potentialAction\":[{\"@type\":\"SearchAction\",\"target\":{\"@type\":\"EntryPoint\",\"urlTemplate\":\"https:\/\/www.andorra-advisors.com\/ca\/?s={search_term_string}\"},\"query-input\":{\"@type\":\"PropertyValueSpecification\",\"valueRequired\":true,\"valueName\":\"search_term_string\"}}],\"inLanguage\":\"ca\"}]}<\/script>\n<!-- \/ Yoast SEO plugin. -->","yoast_head_json":{"title":"Empreses de gesti\u00f3 internacional d'actius intangibles","description":"Gestiona des d'Andorra teus drets d'autor, dissenys, creacions, o qualsevol altra llic\u00e8ncia o concessi\u00f3, pagant fins a nom\u00e9s un 2% sobre els teus beneficis.","robots":{"index":"index","follow":"follow","max-snippet":"max-snippet:-1","max-image-preview":"max-image-preview:large","max-video-preview":"max-video-preview:-1"},"canonical":"https:\/\/www.andorra-advisors.com\/ca\/gestio-internacional-actius-intangibles\/","og_locale":"ca_ES","og_type":"article","og_title":"Empreses de gesti\u00f3 internacional d'actius intangibles","og_description":"Gestiona des d'Andorra teus drets d'autor, dissenys, creacions, o qualsevol altra llic\u00e8ncia o concessi\u00f3, pagant fins a nom\u00e9s un 2% sobre els teus beneficis.","og_url":"https:\/\/www.andorra-advisors.com\/ca\/gestio-internacional-actius-intangibles\/","og_site_name":"Andorra Advisors","article_modified_time":"2022-02-21T17:55:12+00:00","og_image":[{"width":600,"height":315,"url":"https:\/\/www.andorra-advisors.com\/ca\/wp-content\/uploads\/2020\/05\/andorra_featured_Empreses-de-gesti\u00f3-internacional-dactius-intangibles.png","type":"image\/png"}],"twitter_card":"summary_large_image","schema":{"@context":"https:\/\/schema.org","@graph":[{"@type":"WebPage","@id":"https:\/\/www.andorra-advisors.com\/ca\/gestio-internacional-actius-intangibles\/","url":"https:\/\/www.andorra-advisors.com\/ca\/gestio-internacional-actius-intangibles\/","name":"Empreses de gesti\u00f3 internacional d'actius intangibles","isPartOf":{"@id":"https:\/\/www.andorra-advisors.com\/ca\/#website"},"primaryImageOfPage":{"@id":"https:\/\/www.andorra-advisors.com\/ca\/gestio-internacional-actius-intangibles\/#primaryimage"},"image":{"@id":"https:\/\/www.andorra-advisors.com\/ca\/gestio-internacional-actius-intangibles\/#primaryimage"},"thumbnailUrl":"https:\/\/www.andorra-advisors.com\/ca\/wp-content\/uploads\/2020\/05\/andorra_featured_Empreses-de-gesti\u00f3-internacional-dactius-intangibles.png","datePublished":"2018-10-06T06:08:04+00:00","dateModified":"2022-02-21T17:55:12+00:00","description":"Gestiona des d'Andorra teus drets d'autor, dissenys, creacions, o qualsevol altra llic\u00e8ncia o concessi\u00f3, pagant fins a nom\u00e9s un 2% sobre els teus beneficis.","breadcrumb":{"@id":"https:\/\/www.andorra-advisors.com\/ca\/gestio-internacional-actius-intangibles\/#breadcrumb"},"inLanguage":"ca","potentialAction":[{"@type":"ReadAction","target":["https:\/\/www.andorra-advisors.com\/ca\/gestio-internacional-actius-intangibles\/"]}]},{"@type":"ImageObject","inLanguage":"ca","@id":"https:\/\/www.andorra-advisors.com\/ca\/gestio-internacional-actius-intangibles\/#primaryimage","url":"https:\/\/www.andorra-advisors.com\/ca\/wp-content\/uploads\/2020\/05\/andorra_featured_Empreses-de-gesti\u00f3-internacional-dactius-intangibles.png","contentUrl":"https:\/\/www.andorra-advisors.com\/ca\/wp-content\/uploads\/2020\/05\/andorra_featured_Empreses-de-gesti\u00f3-internacional-dactius-intangibles.png","width":600,"height":315,"caption":"andorra_featured Empreses de gesti\u00f3 internacional d'actius intangibles"},{"@type":"BreadcrumbList","@id":"https:\/\/www.andorra-advisors.com\/ca\/gestio-internacional-actius-intangibles\/#breadcrumb","itemListElement":[{"@type":"ListItem","position":1,"name":"Inici","item":"https:\/\/www.andorra-advisors.com\/ca\/"},{"@type":"ListItem","position":2,"name":"Empreses de gesti\u00f3 internacional d\u2019actius intangibles"}]},{"@type":"WebSite","@id":"https:\/\/www.andorra-advisors.com\/ca\/#website","url":"https:\/\/www.andorra-advisors.com\/ca\/","name":"Andorra Advisors","description":"","potentialAction":[{"@type":"SearchAction","target":{"@type":"EntryPoint","urlTemplate":"https:\/\/www.andorra-advisors.com\/ca\/?s={search_term_string}"},"query-input":{"@type":"PropertyValueSpecification","valueRequired":true,"valueName":"search_term_string"}}],"inLanguage":"ca"}]}},"_links":{"self":[{"href":"https:\/\/www.andorra-advisors.com\/ca\/wp-json\/wp\/v2\/pages\/65","targetHints":{"allow":["GET"]}}],"collection":[{"href":"https:\/\/www.andorra-advisors.com\/ca\/wp-json\/wp\/v2\/pages"}],"about":[{"href":"https:\/\/www.andorra-advisors.com\/ca\/wp-json\/wp\/v2\/types\/page"}],"author":[{"embeddable":true,"href":"https:\/\/www.andorra-advisors.com\/ca\/wp-json\/wp\/v2\/users\/1"}],"replies":[{"embeddable":true,"href":"https:\/\/www.andorra-advisors.com\/ca\/wp-json\/wp\/v2\/comments?post=65"}],"version-history":[{"count":13,"href":"https:\/\/www.andorra-advisors.com\/ca\/wp-json\/wp\/v2\/pages\/65\/revisions"}],"predecessor-version":[{"id":2354,"href":"https:\/\/www.andorra-advisors.com\/ca\/wp-json\/wp\/v2\/pages\/65\/revisions\/2354"}],"wp:featuredmedia":[{"embeddable":true,"href":"https:\/\/www.andorra-advisors.com\/ca\/wp-json\/wp\/v2\/media\/1924"}],"wp:attachment":[{"href":"https:\/\/www.andorra-advisors.com\/ca\/wp-json\/wp\/v2\/media?parent=65"}],"curies":[{"name":"wp","href":"https:\/\/api.w.org\/{rel}","templated":true}]}}