{"id":1442,"date":"2018-10-03T05:49:02","date_gmt":"2018-10-03T05:49:02","guid":{"rendered":"https:\/\/www.andorra-advisors.com\/fr\/?page_id=1442"},"modified":"2021-02-17T11:42:12","modified_gmt":"2021-02-17T11:42:12","slug":"avantages-fiscaux-andorre","status":"publish","type":"page","link":"https:\/\/www.andorra-advisors.com\/fr\/avantages-fiscaux-andorre\/","title":{"rendered":"Avantages fiscaux d&rsquo;Andorre"},"content":{"rendered":"","protected":false},"excerpt":{"rendered":"","protected":false},"author":1,"featured_media":1999,"parent":0,"menu_order":0,"comment_status":"closed","ping_status":"closed","template":"andorra-innerpage.php","meta":{"_acf_changed":false,"footnotes":""},"class_list":["post-1442","page","type-page","status-publish","has-post-thumbnail","hentry"],"acf":[],"yoast_head":"<!-- This site is optimized with the Yoast SEO plugin v24.6 - https:\/\/yoast.com\/wordpress\/plugins\/seo\/ -->\n<title>Avantages fiscaux d&#039;Andorre - Avantages de fiscalit\u00e9 en Principaut\u00e9<\/title>\n<meta name=\"description\" content=\"Andorre offre des avantages fiscaux avec des avantages tr\u00e8s remarquables par rapport \u00e0 ses concurrents en Europe et principalement \u00e0 ses voisins. Renseignez-vous!\" \/>\n<meta name=\"robots\" content=\"index, follow, max-snippet:-1, max-image-preview:large, max-video-preview:-1\" \/>\n<link rel=\"canonical\" href=\"https:\/\/www.andorra-advisors.com\/fr\/avantages-fiscaux-andorre\/\" \/>\n<meta property=\"og:locale\" content=\"fr_FR\" \/>\n<meta property=\"og:type\" content=\"article\" \/>\n<meta property=\"og:title\" content=\"Avantages fiscaux d&#039;Andorre - Avantages de fiscalit\u00e9 en Principaut\u00e9\" \/>\n<meta property=\"og:description\" content=\"Andorre offre des avantages fiscaux avec des avantages tr\u00e8s remarquables par rapport \u00e0 ses concurrents en Europe et principalement \u00e0 ses voisins. Renseignez-vous!\" \/>\n<meta property=\"og:url\" content=\"https:\/\/www.andorra-advisors.com\/fr\/avantages-fiscaux-andorre\/\" \/>\n<meta property=\"og:site_name\" content=\"Andorra Advisors\" \/>\n<meta property=\"article:modified_time\" content=\"2021-02-17T11:42:12+00:00\" \/>\n<meta property=\"og:image\" content=\"https:\/\/www.andorra-advisors.com\/fr\/wp-content\/uploads\/2020\/05\/andorra_featured_Avantages-fiscaux-en-Andorre.png\" \/>\n\t<meta property=\"og:image:width\" content=\"600\" \/>\n\t<meta property=\"og:image:height\" content=\"315\" \/>\n\t<meta property=\"og:image:type\" content=\"image\/png\" \/>\n<meta name=\"twitter:card\" content=\"summary_large_image\" \/>\n<script type=\"application\/ld+json\" class=\"yoast-schema-graph\">{\"@context\":\"https:\/\/schema.org\",\"@graph\":[{\"@type\":\"WebPage\",\"@id\":\"https:\/\/www.andorra-advisors.com\/fr\/avantages-fiscaux-andorre\/\",\"url\":\"https:\/\/www.andorra-advisors.com\/fr\/avantages-fiscaux-andorre\/\",\"name\":\"Avantages fiscaux d'Andorre - Avantages de fiscalit\u00e9 en Principaut\u00e9\",\"isPartOf\":{\"@id\":\"https:\/\/www.andorra-advisors.com\/fr\/#website\"},\"primaryImageOfPage\":{\"@id\":\"https:\/\/www.andorra-advisors.com\/fr\/avantages-fiscaux-andorre\/#primaryimage\"},\"image\":{\"@id\":\"https:\/\/www.andorra-advisors.com\/fr\/avantages-fiscaux-andorre\/#primaryimage\"},\"thumbnailUrl\":\"https:\/\/www.andorra-advisors.com\/fr\/wp-content\/uploads\/2020\/05\/andorra_featured_Avantages-fiscaux-en-Andorre.png\",\"datePublished\":\"2018-10-03T05:49:02+00:00\",\"dateModified\":\"2021-02-17T11:42:12+00:00\",\"description\":\"Andorre offre des avantages fiscaux avec des avantages tr\u00e8s remarquables par rapport \u00e0 ses concurrents en Europe et principalement \u00e0 ses voisins. Renseignez-vous!\",\"breadcrumb\":{\"@id\":\"https:\/\/www.andorra-advisors.com\/fr\/avantages-fiscaux-andorre\/#breadcrumb\"},\"inLanguage\":\"fr\",\"potentialAction\":[{\"@type\":\"ReadAction\",\"target\":[\"https:\/\/www.andorra-advisors.com\/fr\/avantages-fiscaux-andorre\/\"]}]},{\"@type\":\"ImageObject\",\"inLanguage\":\"fr-FR\",\"@id\":\"https:\/\/www.andorra-advisors.com\/fr\/avantages-fiscaux-andorre\/#primaryimage\",\"url\":\"https:\/\/www.andorra-advisors.com\/fr\/wp-content\/uploads\/2020\/05\/andorra_featured_Avantages-fiscaux-en-Andorre.png\",\"contentUrl\":\"https:\/\/www.andorra-advisors.com\/fr\/wp-content\/uploads\/2020\/05\/andorra_featured_Avantages-fiscaux-en-Andorre.png\",\"width\":600,\"height\":315,\"caption\":\"andorra_featured_Avantages fiscaux en Andorre\"},{\"@type\":\"BreadcrumbList\",\"@id\":\"https:\/\/www.andorra-advisors.com\/fr\/avantages-fiscaux-andorre\/#breadcrumb\",\"itemListElement\":[{\"@type\":\"ListItem\",\"position\":1,\"name\":\"Accueil\",\"item\":\"https:\/\/www.andorra-advisors.com\/fr\/\"},{\"@type\":\"ListItem\",\"position\":2,\"name\":\"Avantages fiscaux d&rsquo;Andorre\"}]},{\"@type\":\"WebSite\",\"@id\":\"https:\/\/www.andorra-advisors.com\/fr\/#website\",\"url\":\"https:\/\/www.andorra-advisors.com\/fr\/\",\"name\":\"Andorra Advisors\",\"description\":\"\",\"potentialAction\":[{\"@type\":\"SearchAction\",\"target\":{\"@type\":\"EntryPoint\",\"urlTemplate\":\"https:\/\/www.andorra-advisors.com\/fr\/?s={search_term_string}\"},\"query-input\":{\"@type\":\"PropertyValueSpecification\",\"valueRequired\":true,\"valueName\":\"search_term_string\"}}],\"inLanguage\":\"fr-FR\"}]}<\/script>\n<!-- \/ Yoast SEO plugin. -->","yoast_head_json":{"title":"Avantages fiscaux d'Andorre - Avantages de fiscalit\u00e9 en Principaut\u00e9","description":"Andorre offre des avantages fiscaux avec des avantages tr\u00e8s remarquables par rapport \u00e0 ses concurrents en Europe et principalement \u00e0 ses voisins. Renseignez-vous!","robots":{"index":"index","follow":"follow","max-snippet":"max-snippet:-1","max-image-preview":"max-image-preview:large","max-video-preview":"max-video-preview:-1"},"canonical":"https:\/\/www.andorra-advisors.com\/fr\/avantages-fiscaux-andorre\/","og_locale":"fr_FR","og_type":"article","og_title":"Avantages fiscaux d'Andorre - Avantages de fiscalit\u00e9 en Principaut\u00e9","og_description":"Andorre offre des avantages fiscaux avec des avantages tr\u00e8s remarquables par rapport \u00e0 ses concurrents en Europe et principalement \u00e0 ses voisins. Renseignez-vous!","og_url":"https:\/\/www.andorra-advisors.com\/fr\/avantages-fiscaux-andorre\/","og_site_name":"Andorra Advisors","article_modified_time":"2021-02-17T11:42:12+00:00","og_image":[{"width":600,"height":315,"url":"https:\/\/www.andorra-advisors.com\/fr\/wp-content\/uploads\/2020\/05\/andorra_featured_Avantages-fiscaux-en-Andorre.png","type":"image\/png"}],"twitter_card":"summary_large_image","schema":{"@context":"https:\/\/schema.org","@graph":[{"@type":"WebPage","@id":"https:\/\/www.andorra-advisors.com\/fr\/avantages-fiscaux-andorre\/","url":"https:\/\/www.andorra-advisors.com\/fr\/avantages-fiscaux-andorre\/","name":"Avantages fiscaux d'Andorre - Avantages de fiscalit\u00e9 en Principaut\u00e9","isPartOf":{"@id":"https:\/\/www.andorra-advisors.com\/fr\/#website"},"primaryImageOfPage":{"@id":"https:\/\/www.andorra-advisors.com\/fr\/avantages-fiscaux-andorre\/#primaryimage"},"image":{"@id":"https:\/\/www.andorra-advisors.com\/fr\/avantages-fiscaux-andorre\/#primaryimage"},"thumbnailUrl":"https:\/\/www.andorra-advisors.com\/fr\/wp-content\/uploads\/2020\/05\/andorra_featured_Avantages-fiscaux-en-Andorre.png","datePublished":"2018-10-03T05:49:02+00:00","dateModified":"2021-02-17T11:42:12+00:00","description":"Andorre offre des avantages fiscaux avec des avantages tr\u00e8s remarquables par rapport \u00e0 ses concurrents en Europe et principalement \u00e0 ses voisins. Renseignez-vous!","breadcrumb":{"@id":"https:\/\/www.andorra-advisors.com\/fr\/avantages-fiscaux-andorre\/#breadcrumb"},"inLanguage":"fr","potentialAction":[{"@type":"ReadAction","target":["https:\/\/www.andorra-advisors.com\/fr\/avantages-fiscaux-andorre\/"]}]},{"@type":"ImageObject","inLanguage":"fr-FR","@id":"https:\/\/www.andorra-advisors.com\/fr\/avantages-fiscaux-andorre\/#primaryimage","url":"https:\/\/www.andorra-advisors.com\/fr\/wp-content\/uploads\/2020\/05\/andorra_featured_Avantages-fiscaux-en-Andorre.png","contentUrl":"https:\/\/www.andorra-advisors.com\/fr\/wp-content\/uploads\/2020\/05\/andorra_featured_Avantages-fiscaux-en-Andorre.png","width":600,"height":315,"caption":"andorra_featured_Avantages fiscaux en Andorre"},{"@type":"BreadcrumbList","@id":"https:\/\/www.andorra-advisors.com\/fr\/avantages-fiscaux-andorre\/#breadcrumb","itemListElement":[{"@type":"ListItem","position":1,"name":"Accueil","item":"https:\/\/www.andorra-advisors.com\/fr\/"},{"@type":"ListItem","position":2,"name":"Avantages fiscaux d&rsquo;Andorre"}]},{"@type":"WebSite","@id":"https:\/\/www.andorra-advisors.com\/fr\/#website","url":"https:\/\/www.andorra-advisors.com\/fr\/","name":"Andorra Advisors","description":"","potentialAction":[{"@type":"SearchAction","target":{"@type":"EntryPoint","urlTemplate":"https:\/\/www.andorra-advisors.com\/fr\/?s={search_term_string}"},"query-input":{"@type":"PropertyValueSpecification","valueRequired":true,"valueName":"search_term_string"}}],"inLanguage":"fr-FR"}]}},"_links":{"self":[{"href":"https:\/\/www.andorra-advisors.com\/fr\/wp-json\/wp\/v2\/pages\/1442","targetHints":{"allow":["GET"]}}],"collection":[{"href":"https:\/\/www.andorra-advisors.com\/fr\/wp-json\/wp\/v2\/pages"}],"about":[{"href":"https:\/\/www.andorra-advisors.com\/fr\/wp-json\/wp\/v2\/types\/page"}],"author":[{"embeddable":true,"href":"https:\/\/www.andorra-advisors.com\/fr\/wp-json\/wp\/v2\/users\/1"}],"replies":[{"embeddable":true,"href":"https:\/\/www.andorra-advisors.com\/fr\/wp-json\/wp\/v2\/comments?post=1442"}],"version-history":[{"count":12,"href":"https:\/\/www.andorra-advisors.com\/fr\/wp-json\/wp\/v2\/pages\/1442\/revisions"}],"predecessor-version":[{"id":2281,"href":"https:\/\/www.andorra-advisors.com\/fr\/wp-json\/wp\/v2\/pages\/1442\/revisions\/2281"}],"wp:featuredmedia":[{"embeddable":true,"href":"https:\/\/www.andorra-advisors.com\/fr\/wp-json\/wp\/v2\/media\/1999"}],"wp:attachment":[{"href":"https:\/\/www.andorra-advisors.com\/fr\/wp-json\/wp\/v2\/media?parent=1442"}],"curies":[{"name":"wp","href":"https:\/\/api.w.org\/{rel}","templated":true}]}}