{"id":1462,"date":"2018-10-04T05:28:36","date_gmt":"2018-10-04T05:28:36","guid":{"rendered":"https:\/\/www.andorra-advisors.com\/fr\/?page_id=1462"},"modified":"2022-02-21T16:38:57","modified_gmt":"2022-02-21T16:38:57","slug":"criteres-residence-fiscale-andorra","status":"publish","type":"page","link":"https:\/\/www.andorra-advisors.com\/fr\/criteres-residence-fiscale-andorra\/","title":{"rendered":"Crit\u00e8res d\u2019une r\u00e9sidence fiscale en Andorre"},"content":{"rendered":"","protected":false},"excerpt":{"rendered":"","protected":false},"author":1,"featured_media":2008,"parent":0,"menu_order":0,"comment_status":"closed","ping_status":"closed","template":"andorra-innerpage.php","meta":{"_acf_changed":false,"footnotes":""},"class_list":["post-1462","page","type-page","status-publish","has-post-thumbnail","hentry"],"acf":[],"yoast_head":"<!-- This site is optimized with the Yoast SEO plugin v24.6 - https:\/\/yoast.com\/wordpress\/plugins\/seo\/ -->\n<title>Crit\u00e8res pour la r\u00e9sidence fiscale en Andorre - Avantages imbattables<\/title>\n<meta name=\"description\" content=\"Nombreux entrepreneurs souhaitent avoir leur r\u00e9sidence fiscale en Andorre et sont donc soumis \u00e0 une charge fiscale moindre. Chez Andorra Advisors by Aug\u00e9 Grup, nous vous conseillons sur vos besoins.\" \/>\n<meta name=\"robots\" content=\"index, follow, max-snippet:-1, max-image-preview:large, max-video-preview:-1\" \/>\n<link rel=\"canonical\" href=\"https:\/\/www.andorra-advisors.com\/fr\/criteres-residence-fiscale-andorra\/\" \/>\n<meta property=\"og:locale\" content=\"fr_FR\" \/>\n<meta property=\"og:type\" content=\"article\" \/>\n<meta property=\"og:title\" content=\"Crit\u00e8res pour la r\u00e9sidence fiscale en Andorre - Avantages imbattables\" \/>\n<meta property=\"og:description\" content=\"Nombreux entrepreneurs souhaitent avoir leur r\u00e9sidence fiscale en Andorre et sont donc soumis \u00e0 une charge fiscale moindre. Chez Andorra Advisors by Aug\u00e9 Grup, nous vous conseillons sur vos besoins.\" \/>\n<meta property=\"og:url\" content=\"https:\/\/www.andorra-advisors.com\/fr\/criteres-residence-fiscale-andorra\/\" \/>\n<meta property=\"og:site_name\" content=\"Andorra Advisors\" \/>\n<meta property=\"article:modified_time\" content=\"2022-02-21T16:38:57+00:00\" \/>\n<meta property=\"og:image\" content=\"https:\/\/www.andorra-advisors.com\/fr\/wp-content\/uploads\/2020\/05\/andorra_featured_Crit\u00e8res-de-r\u00e9sidence-fiscale-en-Andorre.png\" \/>\n\t<meta property=\"og:image:width\" content=\"600\" \/>\n\t<meta property=\"og:image:height\" content=\"315\" \/>\n\t<meta property=\"og:image:type\" content=\"image\/png\" \/>\n<meta name=\"twitter:card\" content=\"summary_large_image\" \/>\n<script type=\"application\/ld+json\" class=\"yoast-schema-graph\">{\"@context\":\"https:\/\/schema.org\",\"@graph\":[{\"@type\":\"WebPage\",\"@id\":\"https:\/\/www.andorra-advisors.com\/fr\/criteres-residence-fiscale-andorra\/\",\"url\":\"https:\/\/www.andorra-advisors.com\/fr\/criteres-residence-fiscale-andorra\/\",\"name\":\"Crit\u00e8res pour la r\u00e9sidence fiscale en Andorre - Avantages imbattables\",\"isPartOf\":{\"@id\":\"https:\/\/www.andorra-advisors.com\/fr\/#website\"},\"primaryImageOfPage\":{\"@id\":\"https:\/\/www.andorra-advisors.com\/fr\/criteres-residence-fiscale-andorra\/#primaryimage\"},\"image\":{\"@id\":\"https:\/\/www.andorra-advisors.com\/fr\/criteres-residence-fiscale-andorra\/#primaryimage\"},\"thumbnailUrl\":\"https:\/\/www.andorra-advisors.com\/fr\/wp-content\/uploads\/2020\/05\/andorra_featured_Crit\u00e8res-de-r\u00e9sidence-fiscale-en-Andorre.png\",\"datePublished\":\"2018-10-04T05:28:36+00:00\",\"dateModified\":\"2022-02-21T16:38:57+00:00\",\"description\":\"Nombreux entrepreneurs souhaitent avoir leur r\u00e9sidence fiscale en Andorre et sont donc soumis \u00e0 une charge fiscale moindre. Chez Andorra Advisors by Aug\u00e9 Grup, nous vous conseillons sur vos besoins.\",\"breadcrumb\":{\"@id\":\"https:\/\/www.andorra-advisors.com\/fr\/criteres-residence-fiscale-andorra\/#breadcrumb\"},\"inLanguage\":\"fr\",\"potentialAction\":[{\"@type\":\"ReadAction\",\"target\":[\"https:\/\/www.andorra-advisors.com\/fr\/criteres-residence-fiscale-andorra\/\"]}]},{\"@type\":\"ImageObject\",\"inLanguage\":\"fr-FR\",\"@id\":\"https:\/\/www.andorra-advisors.com\/fr\/criteres-residence-fiscale-andorra\/#primaryimage\",\"url\":\"https:\/\/www.andorra-advisors.com\/fr\/wp-content\/uploads\/2020\/05\/andorra_featured_Crit\u00e8res-de-r\u00e9sidence-fiscale-en-Andorre.png\",\"contentUrl\":\"https:\/\/www.andorra-advisors.com\/fr\/wp-content\/uploads\/2020\/05\/andorra_featured_Crit\u00e8res-de-r\u00e9sidence-fiscale-en-Andorre.png\",\"width\":600,\"height\":315,\"caption\":\"andorra_featured Crit\u00e8res-de-r\u00e9sidence fiscale en Andorre\"},{\"@type\":\"BreadcrumbList\",\"@id\":\"https:\/\/www.andorra-advisors.com\/fr\/criteres-residence-fiscale-andorra\/#breadcrumb\",\"itemListElement\":[{\"@type\":\"ListItem\",\"position\":1,\"name\":\"Accueil\",\"item\":\"https:\/\/www.andorra-advisors.com\/fr\/\"},{\"@type\":\"ListItem\",\"position\":2,\"name\":\"Crit\u00e8res d\u2019une r\u00e9sidence fiscale en Andorre\"}]},{\"@type\":\"WebSite\",\"@id\":\"https:\/\/www.andorra-advisors.com\/fr\/#website\",\"url\":\"https:\/\/www.andorra-advisors.com\/fr\/\",\"name\":\"Andorra Advisors\",\"description\":\"\",\"potentialAction\":[{\"@type\":\"SearchAction\",\"target\":{\"@type\":\"EntryPoint\",\"urlTemplate\":\"https:\/\/www.andorra-advisors.com\/fr\/?s={search_term_string}\"},\"query-input\":{\"@type\":\"PropertyValueSpecification\",\"valueRequired\":true,\"valueName\":\"search_term_string\"}}],\"inLanguage\":\"fr-FR\"}]}<\/script>\n<!-- \/ Yoast SEO plugin. -->","yoast_head_json":{"title":"Crit\u00e8res pour la r\u00e9sidence fiscale en Andorre - Avantages imbattables","description":"Nombreux entrepreneurs souhaitent avoir leur r\u00e9sidence fiscale en Andorre et sont donc soumis \u00e0 une charge fiscale moindre. Chez Andorra Advisors by Aug\u00e9 Grup, nous vous conseillons sur vos besoins.","robots":{"index":"index","follow":"follow","max-snippet":"max-snippet:-1","max-image-preview":"max-image-preview:large","max-video-preview":"max-video-preview:-1"},"canonical":"https:\/\/www.andorra-advisors.com\/fr\/criteres-residence-fiscale-andorra\/","og_locale":"fr_FR","og_type":"article","og_title":"Crit\u00e8res pour la r\u00e9sidence fiscale en Andorre - Avantages imbattables","og_description":"Nombreux entrepreneurs souhaitent avoir leur r\u00e9sidence fiscale en Andorre et sont donc soumis \u00e0 une charge fiscale moindre. Chez Andorra Advisors by Aug\u00e9 Grup, nous vous conseillons sur vos besoins.","og_url":"https:\/\/www.andorra-advisors.com\/fr\/criteres-residence-fiscale-andorra\/","og_site_name":"Andorra Advisors","article_modified_time":"2022-02-21T16:38:57+00:00","og_image":[{"width":600,"height":315,"url":"https:\/\/www.andorra-advisors.com\/fr\/wp-content\/uploads\/2020\/05\/andorra_featured_Crit\u00e8res-de-r\u00e9sidence-fiscale-en-Andorre.png","type":"image\/png"}],"twitter_card":"summary_large_image","schema":{"@context":"https:\/\/schema.org","@graph":[{"@type":"WebPage","@id":"https:\/\/www.andorra-advisors.com\/fr\/criteres-residence-fiscale-andorra\/","url":"https:\/\/www.andorra-advisors.com\/fr\/criteres-residence-fiscale-andorra\/","name":"Crit\u00e8res pour la r\u00e9sidence fiscale en Andorre - Avantages imbattables","isPartOf":{"@id":"https:\/\/www.andorra-advisors.com\/fr\/#website"},"primaryImageOfPage":{"@id":"https:\/\/www.andorra-advisors.com\/fr\/criteres-residence-fiscale-andorra\/#primaryimage"},"image":{"@id":"https:\/\/www.andorra-advisors.com\/fr\/criteres-residence-fiscale-andorra\/#primaryimage"},"thumbnailUrl":"https:\/\/www.andorra-advisors.com\/fr\/wp-content\/uploads\/2020\/05\/andorra_featured_Crit\u00e8res-de-r\u00e9sidence-fiscale-en-Andorre.png","datePublished":"2018-10-04T05:28:36+00:00","dateModified":"2022-02-21T16:38:57+00:00","description":"Nombreux entrepreneurs souhaitent avoir leur r\u00e9sidence fiscale en Andorre et sont donc soumis \u00e0 une charge fiscale moindre. Chez Andorra Advisors by Aug\u00e9 Grup, nous vous conseillons sur vos besoins.","breadcrumb":{"@id":"https:\/\/www.andorra-advisors.com\/fr\/criteres-residence-fiscale-andorra\/#breadcrumb"},"inLanguage":"fr","potentialAction":[{"@type":"ReadAction","target":["https:\/\/www.andorra-advisors.com\/fr\/criteres-residence-fiscale-andorra\/"]}]},{"@type":"ImageObject","inLanguage":"fr-FR","@id":"https:\/\/www.andorra-advisors.com\/fr\/criteres-residence-fiscale-andorra\/#primaryimage","url":"https:\/\/www.andorra-advisors.com\/fr\/wp-content\/uploads\/2020\/05\/andorra_featured_Crit\u00e8res-de-r\u00e9sidence-fiscale-en-Andorre.png","contentUrl":"https:\/\/www.andorra-advisors.com\/fr\/wp-content\/uploads\/2020\/05\/andorra_featured_Crit\u00e8res-de-r\u00e9sidence-fiscale-en-Andorre.png","width":600,"height":315,"caption":"andorra_featured Crit\u00e8res-de-r\u00e9sidence fiscale en Andorre"},{"@type":"BreadcrumbList","@id":"https:\/\/www.andorra-advisors.com\/fr\/criteres-residence-fiscale-andorra\/#breadcrumb","itemListElement":[{"@type":"ListItem","position":1,"name":"Accueil","item":"https:\/\/www.andorra-advisors.com\/fr\/"},{"@type":"ListItem","position":2,"name":"Crit\u00e8res d\u2019une r\u00e9sidence fiscale en Andorre"}]},{"@type":"WebSite","@id":"https:\/\/www.andorra-advisors.com\/fr\/#website","url":"https:\/\/www.andorra-advisors.com\/fr\/","name":"Andorra Advisors","description":"","potentialAction":[{"@type":"SearchAction","target":{"@type":"EntryPoint","urlTemplate":"https:\/\/www.andorra-advisors.com\/fr\/?s={search_term_string}"},"query-input":{"@type":"PropertyValueSpecification","valueRequired":true,"valueName":"search_term_string"}}],"inLanguage":"fr-FR"}]}},"_links":{"self":[{"href":"https:\/\/www.andorra-advisors.com\/fr\/wp-json\/wp\/v2\/pages\/1462","targetHints":{"allow":["GET"]}}],"collection":[{"href":"https:\/\/www.andorra-advisors.com\/fr\/wp-json\/wp\/v2\/pages"}],"about":[{"href":"https:\/\/www.andorra-advisors.com\/fr\/wp-json\/wp\/v2\/types\/page"}],"author":[{"embeddable":true,"href":"https:\/\/www.andorra-advisors.com\/fr\/wp-json\/wp\/v2\/users\/1"}],"replies":[{"embeddable":true,"href":"https:\/\/www.andorra-advisors.com\/fr\/wp-json\/wp\/v2\/comments?post=1462"}],"version-history":[{"count":17,"href":"https:\/\/www.andorra-advisors.com\/fr\/wp-json\/wp\/v2\/pages\/1462\/revisions"}],"predecessor-version":[{"id":2468,"href":"https:\/\/www.andorra-advisors.com\/fr\/wp-json\/wp\/v2\/pages\/1462\/revisions\/2468"}],"wp:featuredmedia":[{"embeddable":true,"href":"https:\/\/www.andorra-advisors.com\/fr\/wp-json\/wp\/v2\/media\/2008"}],"wp:attachment":[{"href":"https:\/\/www.andorra-advisors.com\/fr\/wp-json\/wp\/v2\/media?parent=1462"}],"curies":[{"name":"wp","href":"https:\/\/api.w.org\/{rel}","templated":true}]}}