{"id":1913,"date":"2020-03-24T06:28:10","date_gmt":"2020-03-24T06:28:10","guid":{"rendered":"https:\/\/www.andorra-advisors.com\/fr\/?page_id=1913"},"modified":"2024-02-28T15:47:45","modified_gmt":"2024-02-28T15:47:45","slug":"achat-biens-immobiliers","status":"publish","type":"page","link":"https:\/\/www.andorra-advisors.com\/fr\/achat-biens-immobiliers\/","title":{"rendered":"Achat de biens immobiliers"},"content":{"rendered":"","protected":false},"excerpt":{"rendered":"","protected":false},"author":1,"featured_media":1998,"parent":0,"menu_order":0,"comment_status":"closed","ping_status":"closed","template":"andorra-innerpage.php","meta":{"_acf_changed":false,"footnotes":""},"class_list":["post-1913","page","type-page","status-publish","has-post-thumbnail","hentry"],"acf":[],"yoast_head":"<!-- This site is optimized with the Yoast SEO plugin v24.6 - https:\/\/yoast.com\/wordpress\/plugins\/seo\/ -->\n<title>Achat d&#039;un bien immobilier en Andorre - Opportunit\u00e9s et avantages<\/title>\n<meta name=\"description\" content=\"D\u00e9couvrez les avantages de l&#039;achat d&#039;un bien immobilier en Andorre. Transf\u00e9rez votre entreprise et votre r\u00e9sidence en Principaut\u00e9 d&#039;Andorre et profitez des avantages fiscaux.\" \/>\n<meta name=\"robots\" content=\"index, follow, max-snippet:-1, max-image-preview:large, max-video-preview:-1\" \/>\n<link rel=\"canonical\" href=\"https:\/\/www.andorra-advisors.com\/fr\/achat-biens-immobiliers\/\" \/>\n<meta property=\"og:locale\" content=\"fr_FR\" \/>\n<meta property=\"og:type\" content=\"article\" \/>\n<meta property=\"og:title\" content=\"Achat d&#039;un bien immobilier en Andorre - Opportunit\u00e9s et avantages\" \/>\n<meta property=\"og:description\" content=\"D\u00e9couvrez les avantages de l&#039;achat d&#039;un bien immobilier en Andorre. Transf\u00e9rez votre entreprise et votre r\u00e9sidence en Principaut\u00e9 d&#039;Andorre et profitez des avantages fiscaux.\" \/>\n<meta property=\"og:url\" content=\"https:\/\/www.andorra-advisors.com\/fr\/achat-biens-immobiliers\/\" \/>\n<meta property=\"og:site_name\" content=\"Andorra Advisors\" \/>\n<meta property=\"article:modified_time\" content=\"2024-02-28T15:47:45+00:00\" \/>\n<meta property=\"og:image\" content=\"https:\/\/www.andorra-advisors.com\/fr\/wp-content\/uploads\/2020\/05\/andorra_featured_Achat-de-biens-immobiliers.png\" \/>\n\t<meta property=\"og:image:width\" content=\"600\" \/>\n\t<meta property=\"og:image:height\" content=\"315\" \/>\n\t<meta property=\"og:image:type\" content=\"image\/png\" \/>\n<meta name=\"twitter:card\" content=\"summary_large_image\" \/>\n<script type=\"application\/ld+json\" class=\"yoast-schema-graph\">{\"@context\":\"https:\/\/schema.org\",\"@graph\":[{\"@type\":\"WebPage\",\"@id\":\"https:\/\/www.andorra-advisors.com\/fr\/achat-biens-immobiliers\/\",\"url\":\"https:\/\/www.andorra-advisors.com\/fr\/achat-biens-immobiliers\/\",\"name\":\"Achat d'un bien immobilier en Andorre - Opportunit\u00e9s et avantages\",\"isPartOf\":{\"@id\":\"https:\/\/www.andorra-advisors.com\/fr\/#website\"},\"primaryImageOfPage\":{\"@id\":\"https:\/\/www.andorra-advisors.com\/fr\/achat-biens-immobiliers\/#primaryimage\"},\"image\":{\"@id\":\"https:\/\/www.andorra-advisors.com\/fr\/achat-biens-immobiliers\/#primaryimage\"},\"thumbnailUrl\":\"https:\/\/www.andorra-advisors.com\/fr\/wp-content\/uploads\/2020\/05\/andorra_featured_Achat-de-biens-immobiliers.png\",\"datePublished\":\"2020-03-24T06:28:10+00:00\",\"dateModified\":\"2024-02-28T15:47:45+00:00\",\"description\":\"D\u00e9couvrez les avantages de l'achat d'un bien immobilier en Andorre. Transf\u00e9rez votre entreprise et votre r\u00e9sidence en Principaut\u00e9 d'Andorre et profitez des avantages fiscaux.\",\"breadcrumb\":{\"@id\":\"https:\/\/www.andorra-advisors.com\/fr\/achat-biens-immobiliers\/#breadcrumb\"},\"inLanguage\":\"fr\",\"potentialAction\":[{\"@type\":\"ReadAction\",\"target\":[\"https:\/\/www.andorra-advisors.com\/fr\/achat-biens-immobiliers\/\"]}]},{\"@type\":\"ImageObject\",\"inLanguage\":\"fr-FR\",\"@id\":\"https:\/\/www.andorra-advisors.com\/fr\/achat-biens-immobiliers\/#primaryimage\",\"url\":\"https:\/\/www.andorra-advisors.com\/fr\/wp-content\/uploads\/2020\/05\/andorra_featured_Achat-de-biens-immobiliers.png\",\"contentUrl\":\"https:\/\/www.andorra-advisors.com\/fr\/wp-content\/uploads\/2020\/05\/andorra_featured_Achat-de-biens-immobiliers.png\",\"width\":600,\"height\":315},{\"@type\":\"BreadcrumbList\",\"@id\":\"https:\/\/www.andorra-advisors.com\/fr\/achat-biens-immobiliers\/#breadcrumb\",\"itemListElement\":[{\"@type\":\"ListItem\",\"position\":1,\"name\":\"Accueil\",\"item\":\"https:\/\/www.andorra-advisors.com\/fr\/\"},{\"@type\":\"ListItem\",\"position\":2,\"name\":\"Achat de biens immobiliers\"}]},{\"@type\":\"WebSite\",\"@id\":\"https:\/\/www.andorra-advisors.com\/fr\/#website\",\"url\":\"https:\/\/www.andorra-advisors.com\/fr\/\",\"name\":\"Andorra Advisors\",\"description\":\"\",\"potentialAction\":[{\"@type\":\"SearchAction\",\"target\":{\"@type\":\"EntryPoint\",\"urlTemplate\":\"https:\/\/www.andorra-advisors.com\/fr\/?s={search_term_string}\"},\"query-input\":{\"@type\":\"PropertyValueSpecification\",\"valueRequired\":true,\"valueName\":\"search_term_string\"}}],\"inLanguage\":\"fr-FR\"}]}<\/script>\n<!-- \/ Yoast SEO plugin. -->","yoast_head_json":{"title":"Achat d'un bien immobilier en Andorre - Opportunit\u00e9s et avantages","description":"D\u00e9couvrez les avantages de l'achat d'un bien immobilier en Andorre. Transf\u00e9rez votre entreprise et votre r\u00e9sidence en Principaut\u00e9 d'Andorre et profitez des avantages fiscaux.","robots":{"index":"index","follow":"follow","max-snippet":"max-snippet:-1","max-image-preview":"max-image-preview:large","max-video-preview":"max-video-preview:-1"},"canonical":"https:\/\/www.andorra-advisors.com\/fr\/achat-biens-immobiliers\/","og_locale":"fr_FR","og_type":"article","og_title":"Achat d'un bien immobilier en Andorre - Opportunit\u00e9s et avantages","og_description":"D\u00e9couvrez les avantages de l'achat d'un bien immobilier en Andorre. Transf\u00e9rez votre entreprise et votre r\u00e9sidence en Principaut\u00e9 d'Andorre et profitez des avantages fiscaux.","og_url":"https:\/\/www.andorra-advisors.com\/fr\/achat-biens-immobiliers\/","og_site_name":"Andorra Advisors","article_modified_time":"2024-02-28T15:47:45+00:00","og_image":[{"width":600,"height":315,"url":"https:\/\/www.andorra-advisors.com\/fr\/wp-content\/uploads\/2020\/05\/andorra_featured_Achat-de-biens-immobiliers.png","type":"image\/png"}],"twitter_card":"summary_large_image","schema":{"@context":"https:\/\/schema.org","@graph":[{"@type":"WebPage","@id":"https:\/\/www.andorra-advisors.com\/fr\/achat-biens-immobiliers\/","url":"https:\/\/www.andorra-advisors.com\/fr\/achat-biens-immobiliers\/","name":"Achat d'un bien immobilier en Andorre - Opportunit\u00e9s et avantages","isPartOf":{"@id":"https:\/\/www.andorra-advisors.com\/fr\/#website"},"primaryImageOfPage":{"@id":"https:\/\/www.andorra-advisors.com\/fr\/achat-biens-immobiliers\/#primaryimage"},"image":{"@id":"https:\/\/www.andorra-advisors.com\/fr\/achat-biens-immobiliers\/#primaryimage"},"thumbnailUrl":"https:\/\/www.andorra-advisors.com\/fr\/wp-content\/uploads\/2020\/05\/andorra_featured_Achat-de-biens-immobiliers.png","datePublished":"2020-03-24T06:28:10+00:00","dateModified":"2024-02-28T15:47:45+00:00","description":"D\u00e9couvrez les avantages de l'achat d'un bien immobilier en Andorre. Transf\u00e9rez votre entreprise et votre r\u00e9sidence en Principaut\u00e9 d'Andorre et profitez des avantages fiscaux.","breadcrumb":{"@id":"https:\/\/www.andorra-advisors.com\/fr\/achat-biens-immobiliers\/#breadcrumb"},"inLanguage":"fr","potentialAction":[{"@type":"ReadAction","target":["https:\/\/www.andorra-advisors.com\/fr\/achat-biens-immobiliers\/"]}]},{"@type":"ImageObject","inLanguage":"fr-FR","@id":"https:\/\/www.andorra-advisors.com\/fr\/achat-biens-immobiliers\/#primaryimage","url":"https:\/\/www.andorra-advisors.com\/fr\/wp-content\/uploads\/2020\/05\/andorra_featured_Achat-de-biens-immobiliers.png","contentUrl":"https:\/\/www.andorra-advisors.com\/fr\/wp-content\/uploads\/2020\/05\/andorra_featured_Achat-de-biens-immobiliers.png","width":600,"height":315},{"@type":"BreadcrumbList","@id":"https:\/\/www.andorra-advisors.com\/fr\/achat-biens-immobiliers\/#breadcrumb","itemListElement":[{"@type":"ListItem","position":1,"name":"Accueil","item":"https:\/\/www.andorra-advisors.com\/fr\/"},{"@type":"ListItem","position":2,"name":"Achat de biens immobiliers"}]},{"@type":"WebSite","@id":"https:\/\/www.andorra-advisors.com\/fr\/#website","url":"https:\/\/www.andorra-advisors.com\/fr\/","name":"Andorra Advisors","description":"","potentialAction":[{"@type":"SearchAction","target":{"@type":"EntryPoint","urlTemplate":"https:\/\/www.andorra-advisors.com\/fr\/?s={search_term_string}"},"query-input":{"@type":"PropertyValueSpecification","valueRequired":true,"valueName":"search_term_string"}}],"inLanguage":"fr-FR"}]}},"_links":{"self":[{"href":"https:\/\/www.andorra-advisors.com\/fr\/wp-json\/wp\/v2\/pages\/1913","targetHints":{"allow":["GET"]}}],"collection":[{"href":"https:\/\/www.andorra-advisors.com\/fr\/wp-json\/wp\/v2\/pages"}],"about":[{"href":"https:\/\/www.andorra-advisors.com\/fr\/wp-json\/wp\/v2\/types\/page"}],"author":[{"embeddable":true,"href":"https:\/\/www.andorra-advisors.com\/fr\/wp-json\/wp\/v2\/users\/1"}],"replies":[{"embeddable":true,"href":"https:\/\/www.andorra-advisors.com\/fr\/wp-json\/wp\/v2\/comments?post=1913"}],"version-history":[{"count":13,"href":"https:\/\/www.andorra-advisors.com\/fr\/wp-json\/wp\/v2\/pages\/1913\/revisions"}],"predecessor-version":[{"id":2660,"href":"https:\/\/www.andorra-advisors.com\/fr\/wp-json\/wp\/v2\/pages\/1913\/revisions\/2660"}],"wp:featuredmedia":[{"embeddable":true,"href":"https:\/\/www.andorra-advisors.com\/fr\/wp-json\/wp\/v2\/media\/1998"}],"wp:attachment":[{"href":"https:\/\/www.andorra-advisors.com\/fr\/wp-json\/wp\/v2\/media?parent=1913"}],"curies":[{"name":"wp","href":"https:\/\/api.w.org\/{rel}","templated":true}]}}